{"id":7608,"date":"2023-03-10T08:18:21","date_gmt":"2023-03-10T07:18:21","guid":{"rendered":"https:\/\/lachouettediffusion.com\/agenda\/a-nos-fantomes\/"},"modified":"2025-05-15T10:49:27","modified_gmt":"2025-05-15T08:49:27","slug":"a-nos-fantomes","status":"publish","type":"page","link":"https:\/\/lachouettediffusion.com\/es\/agenda\/a-nos-fantomes\/","title":{"rendered":"\u00c0 nos fant\u00f4mes"},"content":{"rendered":"<div class=\"wpb-content-wrapper\"><p>[vc_row][vc_column][vc_column_text css=\u00bb\u00bb]<div id=\"vsel\" class=\"vsel-shortcode vsel-shortcode-past-events\"><div id=\"event-2692\" class=\"vsel-content a-nos-fantomes vsel-past\"><div class=\"vsel-meta vsel-alignleft\" style=\"width:30%;\"><div class=\"vsel-meta-date vsel-meta-single-date\"><span>25 octubre 2019<\/span><\/div><\/div><div class=\"vsel-info vsel-alignright\" style=\"width:66%;\"><div class=\"vsel-text\"><div class=\"wpb-content-wrapper\"><p>[vc_section][vc_row section_type=\u00bbfullwidth\u00bb padding_top_multiplier=\u00bb\u00bb padding_bottom_multiplier=\u00bb\u00bb equal_column_height=\u00bbequal\u00bb mobile_columns_vertical_gap=\u00bbnone\u00bb][vc_column width=\u00bb1\/2&#8243;]<h5 class=\"grve-element grve-title grve-align-inherit grve-h5\" style=\"margin-bottom: 0px;\"><span><a href=\"https:\/\/lachouettediffusion.com\/portfolio-item\/a-nos-fantomes\/\">\u00c0 nos fant\u00f4mes<\/a><\/span><\/h5><h5 class=\"grve-element grve-title grve-align-inherit grve-small-text grve-text-primary-2\" style=\"margin-bottom: 0px;\"><span>Menteuses<\/span><\/h5>[\/vc_column][vc_column width=\u00bb1\/2&#8243;][vc_column_text]<a href=\"https:\/\/www.bristolcircuscity.com\/\" target=\"_blank\" rel=\"noopener noreferrer\"><span style=\"text-decoration: underline;\">BRISTOL CIRCUS CITY (Uk)<\/span><\/a>[\/vc_column_text][\/vc_column][\/vc_row][\/vc_section]<\/p>\n<\/div><\/div><\/div><\/div><div id=\"event-2526\" class=\"vsel-content a-nos-fantomes vsel-past\"><div class=\"vsel-meta vsel-alignleft\" style=\"width:30%;\"><div class=\"vsel-meta-date vsel-meta-single-date\"><span>20 marzo 2019<\/span><\/div><div class=\"vsel-meta-time\"><span>19:00<\/span><\/div><\/div><div class=\"vsel-info vsel-alignright\" style=\"width:66%;\"><div class=\"vsel-text\"><div class=\"wpb-content-wrapper\"><p>[vc_section][vc_row section_type=\u00bbfullwidth\u00bb padding_top_multiplier=\u00bb\u00bb padding_bottom_multiplier=\u00bb\u00bb equal_column_height=\u00bbequal\u00bb mobile_columns_vertical_gap=\u00bbnone\u00bb][vc_column width=\u00bb1\/2&#8243;]<h5 class=\"grve-element grve-title grve-align-inherit grve-h5\" style=\"margin-bottom: 0px;\"><span><a href=\"https:\/\/lachouettediffusion.com\/portfolio-item\/a-nos-fantomes\/\">\u00c0 nos fant\u00f4mes<\/a><\/span><\/h5><h5 class=\"grve-element grve-title grve-align-inherit grve-small-text grve-text-primary-2\" style=\"margin-bottom: 0px;\"><span>Menteuses<\/span><\/h5>[\/vc_column][vc_column width=\u00bb1\/2&#8243;][vc_column_text]<a href=\"https:\/\/cirko.fi\/esitys\/les-menteuses-a-nos-fantomes\/\" target=\"_blank\" rel=\"noopener noreferrer\"><span style=\"text-decoration: underline;\">CIRKO &#8211; Helsinki<\/span><\/a>[\/vc_column_text][\/vc_column][\/vc_row][\/vc_section]<\/p>\n<\/div><\/div><\/div><\/div><div id=\"event-2525\" class=\"vsel-content a-nos-fantomes vsel-past\"><div class=\"vsel-meta vsel-alignleft\" style=\"width:30%;\"><div class=\"vsel-meta-date vsel-meta-single-date\"><span>19 marzo 2019<\/span><\/div><div class=\"vsel-meta-time\"><span>19:00<\/span><\/div><\/div><div class=\"vsel-info vsel-alignright\" style=\"width:66%;\"><div class=\"vsel-text\"><div class=\"wpb-content-wrapper\"><p>[vc_section][vc_row section_type=\u00bbfullwidth\u00bb padding_top_multiplier=\u00bb\u00bb padding_bottom_multiplier=\u00bb\u00bb equal_column_height=\u00bbequal\u00bb mobile_columns_vertical_gap=\u00bbnone\u00bb][vc_column width=\u00bb1\/2&#8243;]<h5 class=\"grve-element grve-title grve-align-inherit grve-h5\" style=\"margin-bottom: 0px;\"><span><a href=\"https:\/\/lachouettediffusion.com\/portfolio-item\/a-nos-fantomes\/\">\u00c0 nos fant\u00f4mes<\/a><\/span><\/h5><h5 class=\"grve-element grve-title grve-align-inherit grve-small-text grve-text-primary-2\" style=\"margin-bottom: 0px;\"><span>Menteuses<\/span><\/h5>[\/vc_column][vc_column width=\u00bb1\/2&#8243;][vc_column_text]<a href=\"https:\/\/cirko.fi\/esitys\/les-menteuses-a-nos-fantomes\/\" target=\"_blank\" rel=\"noopener noreferrer\"><span style=\"text-decoration: underline;\">CIRKO &#8211; Helsinki<\/span><\/a>[\/vc_column_text][\/vc_column][\/vc_row][\/vc_section]<\/p>\n<\/div><\/div><\/div><\/div><div id=\"event-2524\" class=\"vsel-content a-nos-fantomes vsel-past\"><div class=\"vsel-meta vsel-alignleft\" style=\"width:30%;\"><div class=\"vsel-meta-date vsel-meta-single-date\"><span>17 marzo 2019<\/span><\/div><div class=\"vsel-meta-time\"><span>19:00<\/span><\/div><\/div><div class=\"vsel-info vsel-alignright\" style=\"width:66%;\"><div class=\"vsel-text\"><div class=\"wpb-content-wrapper\"><p>[vc_section][vc_row section_type=\u00bbfullwidth\u00bb padding_top_multiplier=\u00bb\u00bb padding_bottom_multiplier=\u00bb\u00bb equal_column_height=\u00bbequal\u00bb mobile_columns_vertical_gap=\u00bbnone\u00bb][vc_column width=\u00bb1\/2&#8243;]<h5 class=\"grve-element grve-title grve-align-inherit grve-h5\" style=\"margin-bottom: 0px;\"><span><a href=\"https:\/\/lachouettediffusion.com\/portfolio-item\/a-nos-fantomes\/\">\u00c0 nos fant\u00f4mes<\/a><\/span><\/h5><h5 class=\"grve-element grve-title grve-align-inherit grve-small-text grve-text-primary-2\" style=\"margin-bottom: 0px;\"><span>Menteuses<\/span><\/h5>[\/vc_column][vc_column width=\u00bb1\/2&#8243;][vc_column_text]<a href=\"https:\/\/cirko.fi\/esitys\/les-menteuses-a-nos-fantomes\/\" target=\"_blank\" rel=\"noopener noreferrer\"><span style=\"text-decoration: underline;\">CIRKO &#8211; Helsinki<\/span><\/a>[\/vc_column_text][\/vc_column][\/vc_row][\/vc_section]<\/p>\n<\/div><\/div><\/div><\/div><div id=\"event-2523\" class=\"vsel-content a-nos-fantomes vsel-past\"><div class=\"vsel-meta vsel-alignleft\" style=\"width:30%;\"><div class=\"vsel-meta-date vsel-meta-single-date\"><span>16 marzo 2019<\/span><\/div><div class=\"vsel-meta-time\"><span>19:00<\/span><\/div><\/div><div class=\"vsel-info vsel-alignright\" style=\"width:66%;\"><div class=\"vsel-text\"><div class=\"wpb-content-wrapper\"><p>[vc_section][vc_row section_type=\u00bbfullwidth\u00bb padding_top_multiplier=\u00bb\u00bb padding_bottom_multiplier=\u00bb\u00bb equal_column_height=\u00bbequal\u00bb mobile_columns_vertical_gap=\u00bbnone\u00bb][vc_column width=\u00bb1\/2&#8243;]<h5 class=\"grve-element grve-title grve-align-inherit grve-h5\" style=\"margin-bottom: 0px;\"><span><a href=\"https:\/\/lachouettediffusion.com\/portfolio-item\/a-nos-fantomes\/\">\u00c0 nos fant\u00f4mes<\/a><\/span><\/h5><h5 class=\"grve-element grve-title grve-align-inherit grve-small-text grve-text-primary-2\" style=\"margin-bottom: 0px;\"><span>Menteuses<\/span><\/h5>[\/vc_column][vc_column width=\u00bb1\/2&#8243;][vc_column_text]<a href=\"https:\/\/cirko.fi\/esitys\/les-menteuses-a-nos-fantomes\/\" target=\"_blank\" rel=\"noopener noreferrer\"><span style=\"text-decoration: underline;\">CIRKO &#8211; Helsinki<\/span><\/a>[\/vc_column_text][\/vc_column][\/vc_row][\/vc_section]<\/p>\n<\/div><\/div><\/div><\/div><div id=\"event-2522\" class=\"vsel-content a-nos-fantomes vsel-past\"><div class=\"vsel-meta vsel-alignleft\" style=\"width:30%;\"><div class=\"vsel-meta-date vsel-meta-single-date\"><span>15 marzo 2019<\/span><\/div><div class=\"vsel-meta-time\"><span>19:00<\/span><\/div><\/div><div class=\"vsel-info vsel-alignright\" style=\"width:66%;\"><div class=\"vsel-text\"><div class=\"wpb-content-wrapper\"><p>[vc_section][vc_row section_type=\u00bbfullwidth\u00bb padding_top_multiplier=\u00bb\u00bb padding_bottom_multiplier=\u00bb\u00bb equal_column_height=\u00bbequal\u00bb mobile_columns_vertical_gap=\u00bbnone\u00bb][vc_column width=\u00bb1\/2&#8243;]<h5 class=\"grve-element grve-title grve-align-inherit grve-h5\" style=\"margin-bottom: 0px;\"><span><a href=\"https:\/\/lachouettediffusion.com\/portfolio-item\/a-nos-fantomes\/\">\u00c0 nos fant\u00f4mes<\/a><\/span><\/h5><h5 class=\"grve-element grve-title grve-align-inherit grve-small-text grve-text-primary-2\" style=\"margin-bottom: 0px;\"><span>Menteuses<\/span><\/h5>[\/vc_column][vc_column width=\u00bb1\/2&#8243;][vc_column_text]<a href=\"https:\/\/cirko.fi\/esitys\/les-menteuses-a-nos-fantomes\/\" target=\"_blank\" rel=\"noopener noreferrer\"><span style=\"text-decoration: underline;\">CIRKO &#8211; Helsinki<\/span><\/a>[\/vc_column_text][\/vc_column][\/vc_row][\/vc_section]<\/p>\n<\/div><\/div><\/div><\/div><div id=\"event-2520\" class=\"vsel-content a-nos-fantomes vsel-past\"><div class=\"vsel-meta vsel-alignleft\" style=\"width:30%;\"><div class=\"vsel-meta-date vsel-meta-single-date\"><span>13 marzo 2019<\/span><\/div><div class=\"vsel-meta-time\"><span>19:00<\/span><\/div><\/div><div class=\"vsel-info vsel-alignright\" style=\"width:66%;\"><div class=\"vsel-text\"><div class=\"wpb-content-wrapper\"><p>[vc_section][vc_row section_type=\u00bbfullwidth\u00bb padding_top_multiplier=\u00bb\u00bb padding_bottom_multiplier=\u00bb\u00bb equal_column_height=\u00bbequal\u00bb mobile_columns_vertical_gap=\u00bbnone\u00bb][vc_column width=\u00bb1\/2&#8243;]<h5 class=\"grve-element grve-title grve-align-inherit grve-h5\" style=\"margin-bottom: 0px;\"><span><a href=\"https:\/\/lachouettediffusion.com\/portfolio-item\/a-nos-fantomes\/\">\u00c0 nos fant\u00f4mes<\/a><\/span><\/h5><h5 class=\"grve-element grve-title grve-align-inherit grve-small-text grve-text-primary-2\" style=\"margin-bottom: 0px;\"><span>Menteuses<\/span><\/h5>[\/vc_column][vc_column width=\u00bb1\/2&#8243;][vc_column_text]<a href=\"https:\/\/cirko.fi\/esitys\/les-menteuses-a-nos-fantomes\/\" target=\"_blank\" rel=\"noopener noreferrer\"><span style=\"text-decoration: underline;\">CIRKO &#8211; Helsinki<\/span><\/a>[\/vc_column_text][\/vc_column][\/vc_row][\/vc_section]<\/p>\n<\/div><\/div><\/div><\/div><div id=\"event-1227\" class=\"vsel-content a-nos-fantomes vsel-past\"><div class=\"vsel-meta vsel-alignleft\" style=\"width:30%;\"><div class=\"vsel-meta-date vsel-meta-single-date\"><span>2 noviembre 2018<\/span><\/div><div class=\"vsel-meta-time\"><span>21:00<\/span><\/div><\/div><div class=\"vsel-info vsel-alignright\" style=\"width:66%;\"><div class=\"vsel-text\"><div class=\"wpb-content-wrapper\"><p>[vc_section][vc_row section_type=\u00bbfullwidth\u00bb padding_top_multiplier=\u00bb\u00bb padding_bottom_multiplier=\u00bb\u00bb equal_column_height=\u00bbequal\u00bb mobile_columns_vertical_gap=\u00bbnone\u00bb][vc_column width=\u00bb1\/2&#8243;]<h5 class=\"grve-element grve-title grve-align-inherit grve-h5\" style=\"margin-bottom: 0px;\"><span><a href=\"https:\/\/lachouettediffusion.com\/portfolio-item\/a-nos-fantomes\/\">\u00c0 nos fant\u00f4mes<\/a><\/span><\/h5><h5 class=\"grve-element grve-title grve-align-inherit grve-small-text grve-text-primary-2\" style=\"margin-bottom: 0px;\"><span>Menteuses<\/span><\/h5>[\/vc_column][vc_column width=\u00bb1\/2&#8243;][vc_column_text]Bruxelles en Piste, Piemonte Dal Vivo, Teatro Concordia &#8211; Venaria Real, Italie[\/vc_column_text][\/vc_column][\/vc_row][\/vc_section]<\/p>\n<\/div><\/div><\/div><\/div><div id=\"event-1226\" class=\"vsel-content a-nos-fantomes vsel-past\"><div class=\"vsel-meta vsel-alignleft\" style=\"width:30%;\"><div class=\"vsel-meta-date vsel-meta-single-date\"><span>1 noviembre 2018<\/span><\/div><div class=\"vsel-meta-time\"><span>21:00<\/span><\/div><\/div><div class=\"vsel-info vsel-alignright\" style=\"width:66%;\"><div class=\"vsel-text\"><div class=\"wpb-content-wrapper\"><p>[vc_section][vc_row section_type=\u00bbfullwidth\u00bb padding_top_multiplier=\u00bb\u00bb padding_bottom_multiplier=\u00bb\u00bb equal_column_height=\u00bbequal\u00bb mobile_columns_vertical_gap=\u00bbnone\u00bb][vc_column width=\u00bb1\/2&#8243;]<h5 class=\"grve-element grve-title grve-align-inherit grve-h5\" style=\"margin-bottom: 0px;\"><span><a href=\"https:\/\/lachouettediffusion.com\/portfolio-item\/a-nos-fantomes\/\">\u00c0 nos fant\u00f4mes<\/a><\/span><\/h5><h5 class=\"grve-element grve-title grve-align-inherit grve-small-text grve-text-primary-2\" style=\"margin-bottom: 0px;\"><span>Menteuses<\/span><\/h5>[\/vc_column][vc_column width=\u00bb1\/2&#8243;][vc_column_text]Bruxelles en Piste, Piemonte Dal Vivo, Teatro Concordia &#8211; Venaria Real, Italie[\/vc_column_text][\/vc_column][\/vc_row][\/vc_section]<\/p>\n<\/div><\/div><\/div><\/div><div id=\"event-1225\" class=\"vsel-content a-nos-fantomes vsel-past\"><div class=\"vsel-meta vsel-alignleft\" style=\"width:30%;\"><div class=\"vsel-meta-date vsel-meta-single-date\"><span>28 octubre 2018<\/span><\/div><div class=\"vsel-meta-time\"><span>16:00<\/span><\/div><\/div><div class=\"vsel-info vsel-alignright\" style=\"width:66%;\"><div class=\"vsel-text\"><div class=\"wpb-content-wrapper\"><p>[vc_section][vc_row section_type=\u00bbfullwidth\u00bb padding_top_multiplier=\u00bb\u00bb padding_bottom_multiplier=\u00bb\u00bb equal_column_height=\u00bbequal\u00bb mobile_columns_vertical_gap=\u00bbnone\u00bb][vc_column width=\u00bb1\/2&#8243;]<h5 class=\"grve-element grve-title grve-align-inherit grve-h5\" style=\"margin-bottom: 0px;\"><span><a href=\"https:\/\/lachouettediffusion.com\/portfolio-item\/a-nos-fantomes\/\">\u00c0 nos fant\u00f4mes<\/a><\/span><\/h5><h5 class=\"grve-element grve-title grve-align-inherit grve-small-text grve-text-primary-2\" style=\"margin-bottom: 0px;\"><span>Menteuses<\/span><\/h5>[\/vc_column][vc_column width=\u00bb1\/2&#8243;][vc_column_text]Bruxelles en Piste, Piemonte Dal Vivo, Teatro Civico &#8211; Vercelli, Italie[\/vc_column_text][\/vc_column][\/vc_row][\/vc_section]<\/p>\n<\/div><\/div><\/div><\/div><div id=\"event-1223\" class=\"vsel-content a-nos-fantomes vsel-past\"><div class=\"vsel-meta vsel-alignleft\" style=\"width:30%;\"><div class=\"vsel-meta-date vsel-meta-single-date\"><span>26 octubre 2018<\/span><\/div><div class=\"vsel-meta-time\"><span>21:00<\/span><\/div><\/div><div class=\"vsel-info vsel-alignright\" style=\"width:66%;\"><div class=\"vsel-text\"><div class=\"wpb-content-wrapper\"><p>[vc_section][vc_row section_type=\u00bbfullwidth\u00bb padding_top_multiplier=\u00bb\u00bb padding_bottom_multiplier=\u00bb\u00bb equal_column_height=\u00bbequal\u00bb mobile_columns_vertical_gap=\u00bbnone\u00bb][vc_column width=\u00bb1\/2&#8243;]<h5 class=\"grve-element grve-title grve-align-inherit grve-h5\" style=\"margin-bottom: 0px;\"><span><a href=\"https:\/\/lachouettediffusion.com\/portfolio-item\/a-nos-fantomes\/\">\u00c0 nos fant\u00f4mes<\/a><\/span><\/h5><h5 class=\"grve-element grve-title grve-align-inherit grve-small-text grve-text-primary-2\" style=\"margin-bottom: 0px;\"><span>Menteuses<\/span><\/h5>[\/vc_column][vc_column width=\u00bb1\/2&#8243;][vc_column_text]Bruxelles en Piste, Piemonte Dal Vivo, Teatro Alfieri &#8211; Asti, Italie[\/vc_column_text][\/vc_column][\/vc_row][\/vc_section]<\/p>\n<\/div><\/div><\/div><\/div><div id=\"event-1781\" class=\"vsel-content a-nos-fantomes vsel-past\"><div class=\"vsel-meta vsel-alignleft\" style=\"width:30%;\"><div class=\"vsel-meta-date vsel-meta-single-date\"><span>26 mayo 2018<\/span><\/div><div class=\"vsel-meta-time\"><span>21:00<\/span><\/div><\/div><div class=\"vsel-info vsel-alignright\" style=\"width:66%;\"><div class=\"vsel-text\"><div class=\"wpb-content-wrapper\"><p>[vc_section][vc_row section_type=\u00bbfullwidth\u00bb padding_top_multiplier=\u00bb\u00bb padding_bottom_multiplier=\u00bb\u00bb equal_column_height=\u00bbequal\u00bb mobile_columns_vertical_gap=\u00bbnone\u00bb][vc_column width=\u00bb1\/2&#8243;]<h5 class=\"grve-element grve-title grve-align-inherit grve-h5\" style=\"margin-bottom: 0px;\"><span><a href=\"https:\/\/lachouettediffusion.com\/portfolio-item\/a-nos-fantomes\/\">\u00c0 nos fant\u00f4mes<\/a><\/span><\/h5><h5 class=\"grve-element grve-title grve-align-inherit grve-small-text grve-text-primary-2\" style=\"margin-bottom: 0px;\"><span>Menteuses<\/span><\/h5>[\/vc_column][vc_column width=\u00bb1\/2&#8243;][vc_column_text]Xs Festival fait escale \u00e0 Cr\u00e9teil, Mac &#8211; Cr\u00e9teil, France (94)[\/vc_column_text][\/vc_column][\/vc_row][\/vc_section]<\/p>\n<\/div><\/div><\/div><\/div><div id=\"event-1782\" class=\"vsel-content a-nos-fantomes vsel-past\"><div class=\"vsel-meta vsel-alignleft\" style=\"width:30%;\"><div class=\"vsel-meta-date vsel-meta-single-date\"><span>25 mayo 2018<\/span><\/div><div class=\"vsel-meta-time\"><span>21:00<\/span><\/div><\/div><div class=\"vsel-info vsel-alignright\" style=\"width:66%;\"><div class=\"vsel-text\"><div class=\"wpb-content-wrapper\"><p>[vc_section][vc_row section_type=\u00bbfullwidth\u00bb padding_top_multiplier=\u00bb\u00bb padding_bottom_multiplier=\u00bb\u00bb equal_column_height=\u00bbequal\u00bb mobile_columns_vertical_gap=\u00bbnone\u00bb][vc_column width=\u00bb1\/2&#8243;]<h5 class=\"grve-element grve-title grve-align-inherit grve-h5\" style=\"margin-bottom: 0px;\"><span><a href=\"https:\/\/lachouettediffusion.com\/portfolio-item\/a-nos-fantomes\/\">\u00c0 nos fant\u00f4mes<\/a><\/span><\/h5><h5 class=\"grve-element grve-title grve-align-inherit grve-small-text grve-text-primary-2\" style=\"margin-bottom: 0px;\"><span>Menteuses<\/span><\/h5>[\/vc_column][vc_column width=\u00bb1\/2&#8243;][vc_column_text]Xs Festival fait escale \u00e0 Cr\u00e9teil, Mac &#8211; Cr\u00e9teil, France (94)[\/vc_column_text][\/vc_column][\/vc_row][\/vc_section]<\/p>\n<\/div><\/div><\/div><\/div><div id=\"event-1783\" class=\"vsel-content a-nos-fantomes vsel-past\"><div class=\"vsel-meta vsel-alignleft\" style=\"width:30%;\"><div class=\"vsel-meta-date vsel-meta-single-date\"><span>24 mayo 2018<\/span><\/div><div class=\"vsel-meta-time\"><span>21:00<\/span><\/div><\/div><div class=\"vsel-info vsel-alignright\" style=\"width:66%;\"><div class=\"vsel-text\"><div class=\"wpb-content-wrapper\"><p>[vc_section][vc_row section_type=\u00bbfullwidth\u00bb padding_top_multiplier=\u00bb\u00bb padding_bottom_multiplier=\u00bb\u00bb equal_column_height=\u00bbequal\u00bb mobile_columns_vertical_gap=\u00bbnone\u00bb][vc_column width=\u00bb1\/2&#8243;]<h5 class=\"grve-element grve-title grve-align-inherit grve-h5\" style=\"margin-bottom: 0px;\"><span><a href=\"https:\/\/lachouettediffusion.com\/portfolio-item\/a-nos-fantomes\/\">\u00c0 nos fant\u00f4mes<\/a><\/span><\/h5><h5 class=\"grve-element grve-title grve-align-inherit grve-small-text grve-text-primary-2\" style=\"margin-bottom: 0px;\"><span>Menteuses<\/span><\/h5>[\/vc_column][vc_column width=\u00bb1\/2&#8243;][vc_column_text]Xs Festival fait escale \u00e0 Cr\u00e9teil, Mac &#8211; Cr\u00e9teil, France (94)[\/vc_column_text][\/vc_column][\/vc_row][\/vc_section]<\/p>\n<\/div><\/div><\/div><\/div><div id=\"event-1795\" class=\"vsel-content a-nos-fantomes vsel-past\"><div class=\"vsel-meta vsel-alignleft\" style=\"width:30%;\"><div class=\"vsel-meta-date vsel-meta-single-date\"><span>14 marzo 2018<\/span><\/div><\/div><div class=\"vsel-info vsel-alignright\" style=\"width:66%;\"><div class=\"vsel-text\"><div class=\"wpb-content-wrapper\"><p>[vc_section][vc_row section_type=\u00bbfullwidth\u00bb padding_top_multiplier=\u00bb\u00bb padding_bottom_multiplier=\u00bb\u00bb equal_column_height=\u00bbequal\u00bb mobile_columns_vertical_gap=\u00bbnone\u00bb][vc_column width=\u00bb1\/2&#8243;]<h5 class=\"grve-element grve-title grve-align-inherit grve-h5\" style=\"margin-bottom: 0px;\"><span><a href=\"https:\/\/lachouettediffusion.com\/portfolio-item\/a-nos-fantomes\/\">\u00c0 nos fant\u00f4mes<\/a><\/span><\/h5><h5 class=\"grve-element grve-title grve-align-inherit grve-small-text grve-text-primary-2\" style=\"margin-bottom: 0px;\"><span>Menteuses<\/span><\/h5>[\/vc_column][vc_column width=\u00bb1\/2&#8243;][vc_column_text]Festival up!, th\u00e9\u00e2tre Varia &#8211; Bruxelles, Belgique[\/vc_column_text][\/vc_column][\/vc_row][\/vc_section]<\/p>\n<\/div><\/div><\/div><\/div><div id=\"event-1801\" class=\"vsel-content a-nos-fantomes vsel-past\"><div class=\"vsel-meta vsel-alignleft\" style=\"width:30%;\"><div class=\"vsel-meta-date vsel-meta-single-date\"><span>30 enero 2018<\/span><\/div><\/div><div class=\"vsel-info vsel-alignright\" style=\"width:66%;\"><div class=\"vsel-text\"><div class=\"wpb-content-wrapper\"><p>[vc_section][vc_row section_type=\u00bbfullwidth\u00bb padding_top_multiplier=\u00bb\u00bb padding_bottom_multiplier=\u00bb\u00bb equal_column_height=\u00bbequal\u00bb mobile_columns_vertical_gap=\u00bbnone\u00bb][vc_column width=\u00bb1\/2&#8243;]<h5 class=\"grve-element grve-title grve-align-inherit grve-h5\" style=\"margin-bottom: 0px;\"><span><a href=\"https:\/\/lachouettediffusion.com\/portfolio-item\/a-nos-fantomes\/\">\u00c0 nos fant\u00f4mes<\/a><\/span><\/h5><h5 class=\"grve-element grve-title grve-align-inherit grve-small-text grve-text-primary-2\" style=\"margin-bottom: 0px;\"><span>Menteuses<\/span><\/h5>[\/vc_column][vc_column width=\u00bb1\/2&#8243;][vc_column_text]Festival Propulse &#8211; Bruxelles, Belgique[\/vc_column_text][\/vc_column][\/vc_row][\/vc_section]<\/p>\n<\/div><\/div><\/div><\/div><div class=\"vsel-nav\"><\/div><\/div>[\/vc_column_text][\/vc_column][\/vc_row]<\/p>\n<\/div>","protected":false},"excerpt":{"rendered":"<p>[vc_row][vc_column][vc_column_text css=\u00bb\u00bb][\/vc_column_text][\/vc_column][\/vc_row]<\/p>\n","protected":false},"author":1,"featured_media":0,"parent":6269,"menu_order":0,"comment_status":"closed","ping_status":"closed","template":"","meta":{"iawp_total_views":1,"footnotes":""},"class_list":["post-7608","page","type-page","status-publish","hentry","grve-entry-item"],"_links":{"self":[{"href":"https:\/\/lachouettediffusion.com\/es\/wp-json\/wp\/v2\/pages\/7608","targetHints":{"allow":["GET"]}}],"collection":[{"href":"https:\/\/lachouettediffusion.com\/es\/wp-json\/wp\/v2\/pages"}],"about":[{"href":"https:\/\/lachouettediffusion.com\/es\/wp-json\/wp\/v2\/types\/page"}],"author":[{"embeddable":true,"href":"https:\/\/lachouettediffusion.com\/es\/wp-json\/wp\/v2\/users\/1"}],"replies":[{"embeddable":true,"href":"https:\/\/lachouettediffusion.com\/es\/wp-json\/wp\/v2\/comments?post=7608"}],"version-history":[{"count":4,"href":"https:\/\/lachouettediffusion.com\/es\/wp-json\/wp\/v2\/pages\/7608\/revisions"}],"predecessor-version":[{"id":11723,"href":"https:\/\/lachouettediffusion.com\/es\/wp-json\/wp\/v2\/pages\/7608\/revisions\/11723"}],"up":[{"embeddable":true,"href":"https:\/\/lachouettediffusion.com\/es\/wp-json\/wp\/v2\/pages\/6269"}],"wp:attachment":[{"href":"https:\/\/lachouettediffusion.com\/es\/wp-json\/wp\/v2\/media?parent=7608"}],"curies":[{"name":"wp","href":"https:\/\/api.w.org\/{rel}","templated":true}]}}