{"id":6312,"date":"2023-01-20T08:41:46","date_gmt":"2023-01-20T07:41:46","guid":{"rendered":"https:\/\/lachouettediffusion.com\/servicios\/"},"modified":"2023-03-01T09:56:07","modified_gmt":"2023-03-01T08:56:07","slug":"servicios","status":"publish","type":"page","link":"https:\/\/lachouettediffusion.com\/es\/servicios\/","title":{"rendered":"Servicios"},"content":{"rendered":"<div class=\"wpb-content-wrapper\"><p>[vc_row padding_bottom_multiplier=\u00bb\u00bb][vc_column]<h1 class=\"grve-element grve-title grve-align-left grve-subtitle-text\" style=\"margin-bottom: 0px;\"><span>Nuestros servicios<\/span><\/h1>[\/vc_column][\/vc_row][vc_row padding_top_multiplier=\u00bb\u00bb padding_bottom_multiplier=\u00bb\u00bb mobile_columns_vertical_gap=\u00bbnone\u00bb][vc_column]<div class=\"grve-element grve-divider\" style=\"padding-top: 15px;padding-bottom: 15px;\"><div class=\"grve-line-divider grve-border\"><\/div><\/div>[vc_row_inner padding_top_multiplier=\u00bb1x\u00bb padding_bottom_multiplier=\u00bb1x\u00bb mobile_columns_vertical_gap=\u00bb15&#8243;][vc_column_inner width=\u00bb1\/4&#8243;]<h3 class=\"grve-element grve-title grve-align-inherit grve-h6\"><span>La chouette diffusion es\u2026<\/span><\/h3>[\/vc_column_inner][vc_column_inner width=\u00bb2\/3&#8243;][vc_column_text css=\u00bb.vc_custom_1674201812007{margin-bottom: 0px !important;padding-bottom: 0px !important;}\u00bb]<\/p>\n<ul>\n<li>Circo en el sentido m\u00e1s amplio, un circo de hoy en d\u00eda que a veces juega con los l\u00edmites entre las disciplinas.<\/li>\n<li>Difusi\u00f3n: desarrollo de la red profesional, organizaci\u00f3n de giras coherentes, comunicaci\u00f3n en torno a los espect\u00e1culos, seguimiento administrativo\u2026<\/li>\n<li>Acompa\u00f1amiento de la producci\u00f3n: preparaci\u00f3n de solicitudes, b\u00fasqueda de subvenciones, establecimiento de un calendario de residencias, apoyo log\u00edstico, estrategia de comunicaci\u00f3n y difusi\u00f3n\u2026<\/li>\n<li>Acompa\u00f1amiento administrativo a medida: creaci\u00f3n de ASBL, gesti\u00f3n del funcionamiento administrativo.<\/li>\n<li>Un seguimiento continuo adaptado a las necesidades de cada persona.<\/li>\n<li>Mutualizaci\u00f3n entre j\u00f3venes compa\u00f1\u00edas para asegurar servicios de calidad.<\/li>\n<li>Escucha, disponibilidad, convivencia, en definitiva, \u00a1un gran ambiente! Ayudar a las empresas a despegar.<\/li>\n<\/ul>\n<p>[\/vc_column_text][\/vc_column_inner][\/vc_row_inner][\/vc_column][\/vc_row][vc_row padding_top_multiplier=\u00bb\u00bb padding_bottom_multiplier=\u00bb\u00bb mobile_columns_vertical_gap=\u00bbnone\u00bb][vc_column]<div class=\"grve-element grve-divider\" style=\"padding-bottom: 15px;\"><div class=\"grve-line-divider grve-border\"><\/div><\/div>[vc_row_inner padding_top_multiplier=\u00bb1x\u00bb padding_bottom_multiplier=\u00bb1x\u00bb mobile_columns_vertical_gap=\u00bb15&#8243;][vc_column_inner width=\u00bb1\/4&#8243;]<h3 class=\"grve-element grve-title grve-align-inherit grve-h6\"><span>Servicios personalizados<\/span><\/h3>[\/vc_column_inner][vc_column_inner width=\u00bb2\/3&#8243;][vc_column_text css=\u00bb.vc_custom_1677660541576{padding-bottom: 40px !important;}\u00bb]La Chouette Diffusion apoya a las j\u00f3venes compa\u00f1\u00edas de circo en su profesionalizaci\u00f3n y sus actividades. Para ello, ofrece varios servicios a la carta en funci\u00f3n de las necesidades y competencias de los equipos. La Agencia funciona seg\u00fan el principio de mutualizaci\u00f3n. As\u00ed, al compartir el trabajo de los 4 coordinadores, los equipos art\u00edsticos pueden beneficiarse de un servicio global, profesional y bien inmerso en el sector del circo.<\/p>\n<p>La Chouette propone un trabajo personalizado para poner en marcha estrategias de desarrollo coherentes que permitan estructurar nuevos proyectos, hacerlos crecer y trabajar en su proyecci\u00f3n nacional e internacional, respetando y valorizando su singularidad. El objetivo final es permitir a las empresas, a medida que se crean, independizarse y poner en marcha, para las que lo deseen, un proyecto de desarrollo a medio y largo plazo.[\/vc_column_text]<div class=\"grve-element grve-image grve-align-left\" style=\"margin-bottom: 10px;\">\r\n\t<div class=\"grve-image-item\">\r\n\t\t\r\n\r\n<div class=\"grve-image-wrapper grve-no-effect\">\r\n\t\t<div class=\"grve-thumbnail-wrapper\"  style=\"width: 211px;\"><div class=\"grve-thumbnail\"  style=\"padding-top: 47.393%;\"><img loading=\"lazy\" decoding=\"async\" width=\"211\" height=\"100\" src=\"https:\/\/lachouettediffusion.com\/wp-content\/uploads\/2023\/03\/asso-nos-metiers-toulousaine-de-diffusion1x.png\" class=\"attachment-full size-full\" alt=\"asso-nos-metiers-toulousaine-de-diffusion1x\" srcset=\"https:\/\/lachouettediffusion.com\/wp-content\/uploads\/2023\/03\/asso-nos-metiers-toulousaine-de-diffusion1x.png 1x,https:\/\/lachouettediffusion.com\/wp-content\/uploads\/2023\/03\/asso-nos-metiers-toulousaine-de-diffusion.png 2x\" data-column-space=\"auto\" data-lazyload=\"\" data-grve-filter=\"yes\" \/><\/div><\/div>\t<\/div>\r\n\t<\/div>\r\n<\/div>\r\n[vc_column_text text_style=\u00bbsmall-text\u00bb]Miembro de la asociaci\u00f3n <a href=\"https:\/\/cesontnosmetiers.fr\/\" target=\"_blank\" rel=\"noopener\"><span style=\"text-decoration: underline;\">Ce sont nos M\u00e9tiers<\/span><\/a> y de <a href=\"https:\/\/latoulousainedediffusion.fr\" target=\"_blank\" rel=\"noopener\"><span style=\"text-decoration: underline;\">La Toulousaine de Diffusion<\/span><\/a>[\/vc_column_text][\/vc_column_inner][\/vc_row_inner][\/vc_column][\/vc_row][vc_row equal_column_height=\u00bbequal\u00bb tablet_columns_vertical_gap=\u00bb30&#8243; tablet_sm_columns_vertical_gap=\u00bb30&#8243;][vc_column width=\u00bb1\/4&#8243; tablet_width=\u00bb1-2&#8243; grve_css=\u00bb{\u00abdesktop\u00ab:{\u00abborder-top\u00ab:1,\u00abborder-right\u00ab:1,\u00abborder-bottom\u00ab:1,\u00abborder-left\u00ab:1,\u00abborder-top-left-radius\u00ab:\u00ab8\u00ab,\u00abborder-top-right-radius\u00ab:\u00ab8\u00ab,\u00abborder-bottom-right-radius\u00ab:\u00ab8\u00ab,\u00abborder-bottom-left-radius\u00ab:\u00ab8\u00ab,\u00abpadding-top\u00ab:\u00ab20\u00ab,\u00abpadding-right\u00ab:\u00ab20\u00ab,\u00abpadding-bottom\u00ab:\u00ab20\u00ab,\u00abpadding-left\u00ab:\u00ab20\u00ab,\u00abborder-color\u00ab:\u00ab#ff985e\u00ab,\u00abborder-style\u00ab:\u00abdotted\u00ab,\u00abclass\u00ab:\u00abgrve-wpb-1674202674444\u00ab}}\u00bb]<div class=\"grve-element grve-box-icon grve-small grve-side-icon grve-align-left grve-vertical-align-middle grve-layout-1\"><div class=\"grve-box-title-wrapper\"><div class=\"grve-wrapper-icon\" style=\"\"><span class=\"grve-box-icon et-icon-clipboard grve-text-primary-1\"><\/span><\/div><h3 class=\"grve-box-title grve-h6\">Producci\u00f3n<\/h3><\/div><div class=\"grve-box-content\"><p class=\"\">Alianzas, apoyo y financiaci\u00f3n, presupuestos, pre-compras, comunicaci\u00f3n, consultor\u00eda.<\/p><\/div><\/div>[\/vc_column][vc_column width=\u00bb1\/4&#8243; tablet_width=\u00bb1-2&#8243; grve_css=\u00bb{\u00abdesktop\u00ab:{\u00abborder-top\u00ab:1,\u00abborder-right\u00ab:1,\u00abborder-bottom\u00ab:1,\u00abborder-left\u00ab:1,\u00abborder-top-left-radius\u00ab:\u00ab8\u00ab,\u00abborder-top-right-radius\u00ab:\u00ab8\u00ab,\u00abborder-bottom-right-radius\u00ab:\u00ab8\u00ab,\u00abborder-bottom-left-radius\u00ab:\u00ab8\u00ab,\u00abpadding-top\u00ab:\u00ab20\u00ab,\u00abpadding-right\u00ab:\u00ab20\u00ab,\u00abpadding-bottom\u00ab:\u00ab20\u00ab,\u00abpadding-left\u00ab:\u00ab20\u00ab,\u00abborder-color\u00ab:\u00ab#ff985e\u00ab,\u00abborder-style\u00ab:\u00abdotted\u00ab,\u00abclass\u00ab:\u00abgrve-wpb-1674202683668\u00ab}}\u00bb]<div class=\"grve-element grve-box-icon grve-small grve-side-icon grve-align-left grve-vertical-align-middle grve-layout-1\"><div class=\"grve-box-title-wrapper\"><div class=\"grve-wrapper-icon\" style=\"\"><span class=\"grve-box-icon et-icon-megaphone grve-text-primary-1\"><\/span><\/div><h3 class=\"grve-box-title grve-h6\">Difusi\u00f3n<\/h3><\/div><div class=\"grve-box-content\"><p class=\"\">Prospecci\u00f3n, ventas, promoci\u00f3n, relaciones p\u00fablicas, log\u00edstica de gira.<\/p><\/div><\/div>[\/vc_column][vc_column width=\u00bb1\/4&#8243; tablet_width=\u00bb1-2&#8243; grve_css=\u00bb{\u00abdesktop\u00ab:{\u00abborder-top\u00ab:1,\u00abborder-right\u00ab:1,\u00abborder-bottom\u00ab:1,\u00abborder-left\u00ab:1,\u00abborder-top-left-radius\u00ab:\u00ab8\u00ab,\u00abborder-top-right-radius\u00ab:\u00ab8\u00ab,\u00abborder-bottom-right-radius\u00ab:\u00ab8\u00ab,\u00abborder-bottom-left-radius\u00ab:\u00ab8\u00ab,\u00abpadding-top\u00ab:\u00ab20\u00ab,\u00abpadding-right\u00ab:\u00ab20\u00ab,\u00abpadding-bottom\u00ab:\u00ab20\u00ab,\u00abpadding-left\u00ab:\u00ab20\u00ab,\u00abborder-color\u00ab:\u00ab#ff985e\u00ab,\u00abborder-style\u00ab:\u00abdotted\u00ab,\u00abclass\u00ab:\u00abgrve-wpb-1674202693005\u00ab}}\u00bb]<div class=\"grve-element grve-box-icon grve-small grve-side-icon grve-align-left grve-vertical-align-middle grve-layout-1\"><div class=\"grve-box-title-wrapper\"><div class=\"grve-wrapper-icon\" style=\"\"><span class=\"grve-box-icon et-icon-pencil grve-text-primary-1\"><\/span><\/div><h3 class=\"grve-box-title grve-h6\">Administraci\u00f3n<\/h3><\/div><div class=\"grve-box-content\"><p class=\"\">Gesti\u00f3n administrativa, social, financiera y contable, estrategia de desarrollo.<\/p><\/div><\/div>[\/vc_column][vc_column width=\u00bb1\/4&#8243; tablet_width=\u00bb1-2&#8243; grve_css=\u00bb{\u00abdesktop\u00ab:{\u00abborder-top\u00ab:1,\u00abborder-right\u00ab:1,\u00abborder-bottom\u00ab:1,\u00abborder-left\u00ab:1,\u00abborder-top-left-radius\u00ab:\u00ab8\u00ab,\u00abborder-top-right-radius\u00ab:\u00ab8\u00ab,\u00abborder-bottom-right-radius\u00ab:\u00ab8\u00ab,\u00abborder-bottom-left-radius\u00ab:\u00ab8\u00ab,\u00abpadding-top\u00ab:\u00ab20\u00ab,\u00abpadding-right\u00ab:\u00ab20\u00ab,\u00abpadding-bottom\u00ab:\u00ab20\u00ab,\u00abpadding-left\u00ab:\u00ab20\u00ab,\u00abborder-color\u00ab:\u00ab#ff985e\u00ab,\u00abborder-style\u00ab:\u00abdotted\u00ab,\u00abclass\u00ab:\u00abgrve-wpb-1674202704686\u00ab}}\u00bb]<div class=\"grve-element grve-box-icon grve-small grve-side-icon grve-align-left grve-vertical-align-middle grve-layout-1\"><div class=\"grve-box-title-wrapper\"><div class=\"grve-wrapper-icon\" style=\"\"><span class=\"grve-box-icon et-icon-puzzle grve-text-primary-1\"><\/span><\/div><h3 class=\"grve-box-title grve-h6\">Coaching, formaci\u00f3n, consultor\u00eda<\/h3><\/div><div class=\"grve-box-content\"><p class=\"\">Un programa a medida para un desarrollar su proyecto en autonom\u00eda.<\/p><\/div><\/div>[\/vc_column][\/vc_row][vc_row mobile_columns_vertical_gap=\u00bbnone\u00bb][vc_column content_width=\u00bb80&#8243; horizontal_content_position=\u00bbcenter\u00bb tablet_content_width=\u00bb90&#8243; tablet_sm_content_width=\u00bb95&#8243; mobile_content_width=\u00bb100&#8243;]<div class=\"grve-element grve-image grve-align-center\">\r\n\t<div class=\"grve-image-item\">\r\n\t\t\r\n\r\n<div class=\"grve-image-wrapper grve-no-effect\">\r\n\t\t<div class=\"grve-thumbnail-wrapper\"  style=\"width: 1200px;\"><div class=\"grve-thumbnail\"  style=\"padding-top: 21%;\"><img loading=\"lazy\" decoding=\"async\" width=\"1200\" height=\"252\" src=\"https:\/\/lachouettediffusion.com\/wp-content\/uploads\/2023\/01\/partenaire-la-chouette-diffusion-1x.png\" class=\"attachment-full size-full\" alt=\"partenaire-la-chouette-diffusion-1x\" srcset=\"https:\/\/lachouettediffusion.com\/wp-content\/uploads\/2023\/01\/partenaire-la-chouette-diffusion-1x.png 1x,https:\/\/lachouettediffusion.com\/wp-content\/uploads\/2023\/01\/partenaire-la-chouette-diffusion-2x.png 2x\" data-column-space=\"auto\" data-lazyload=\"\" data-grve-filter=\"yes\" \/><\/div><\/div>\t<\/div>\r\n\t<\/div>\r\n<\/div>\r\n[\/vc_column][\/vc_row][vc_row padding_bottom_multiplier=\u00bb\u00bb][vc_column][vc_column_text]Adem\u00e1s de los espect\u00e1culos a los que apoyamos en difusi\u00f3n y producci\u00f3n, colaboramos con&#8230;[\/vc_column_text][\/vc_column][\/vc_row][vc_row padding_top_multiplier=\u00bb\u00bb padding_bottom_multiplier=\u00bb\u00bb mobile_columns_vertical_gap=\u00bbnone\u00bb][vc_column]<div class=\"grve-element grve-divider\" style=\"padding-top: 15px;padding-bottom: 15px;\"><div class=\"grve-line-divider grve-border\"><\/div><\/div>[vc_row_inner padding_top_multiplier=\u00bb1x\u00bb][vc_column_inner width=\u00bb1\/4&#8243;]<h3 class=\"grve-element grve-title grve-align-inherit grve-h6 grve-text-primary-2\"><span>En administraci\u00f3n<\/span><\/h3>[\/vc_column_inner][vc_column_inner width=\u00bb2\/3&#8243;][vc_column_text css=\u00bb.vc_custom_1674229781321{margin-bottom: 0px !important;padding-bottom: 0px !important;}\u00bb]<strong>Gilbert &amp; stock asbl<\/strong><br \/>\nGa\u00ebl Santisteva : <em>Talk-Show<\/em> &#8211; <em>Garcimore est mort<\/em><br \/>\nLara Barsacq : <em>Lost in Ballets Russes<\/em> &#8211; <em>IDA don\u2019t cry me love<\/em> &#8211; <em>Fruit Tree<\/em> &#8211; <em>La Grande Nymphe<\/em><br \/>\n<a href=\"https:\/\/www.gilbert-stock.com\/\" target=\"_blank\" rel=\"noopener\"><span style=\"text-decoration: underline;\">gilbert-stock.com<\/span><\/a><br \/>\n<a href=\"https:\/\/www.ruebranly.com\/artistes-fr\" target=\"_blank\" rel=\"noopener\"><span style=\"text-decoration: underline;\">ruebranly.com\/artistes-fr<\/span><\/a><\/p>\n<p><strong>Menteuses<\/strong><br \/>\n<a href=\"https:\/\/lachouettediffusion.com\/es\/portfolio-item\/a-nos-fantomes\/\"><span style=\"text-decoration: underline;\"><em>A nos fant\u00f4mes<\/em><\/span><\/a> &#8211; <a href=\"https:\/\/lachouettediffusion.com\/es\/portfolio-item\/plonger\/\"><span style=\"text-decoration: underline;\">Plonger<\/span><\/a><\/p>\n<p><strong>Jongloic<\/strong><br \/>\nLoic Faure : <em>Homm<\/em> &#8211; <em>Clos<\/em> &#8211; <em>P\u00e8re<\/em><br \/>\n<a href=\"https:\/\/loicfaure.com\/\" target=\"_blank\" rel=\"noopener\"><span style=\"text-decoration: underline;\">loicfaure.com<\/span><\/a><\/p>\n<p><strong>Habeas Corpus Cie<\/strong><br \/>\n<a href=\"https:\/\/lachouettediffusion.com\/es\/portfolio-item\/burning\/\"><span style=\"text-decoration: underline;\"><em>Burning<\/em><\/span><\/a><br \/>\n<a href=\"https:\/\/habeascorpuscie.com\/\" target=\"_blank\" rel=\"noopener\"><span style=\"text-decoration: underline;\">habeascorpuscie.com<\/span><\/a>[\/vc_column_text][\/vc_column_inner][\/vc_row_inner][vc_row_inner padding_top_multiplier=\u00bb1x\u00bb padding_bottom_multiplier=\u00bb1x\u00bb][vc_column_inner width=\u00bb1\/4&#8243;]<h3 class=\"grve-element grve-title grve-align-inherit grve-h6 grve-text-primary-2\"><span>En coaching<\/span><\/h3>[\/vc_column_inner][vc_column_inner width=\u00bb2\/3&#8243;][vc_column_text css=\u00bb.vc_custom_1674230009718{margin-bottom: 0px !important;padding-bottom: 0px !important;}\u00bb]Le cirque du Ravi \u2013 Forent Lestage<br \/>\n<a href=\"https:\/\/www.florentlestage.com\/\" target=\"_blank\" rel=\"noopener\"><span style=\"text-decoration: underline;\">florentlestage.com<\/span><\/a><\/p>\n<p>Hanna De Vletter<\/p>\n<p>Marianna Desantis<\/p>\n<p>Cie Alta Gama<br \/>\n<a href=\"http:\/\/cialtagama.com\/fr\/\" target=\"_blank\" rel=\"noopener\"><span style=\"text-decoration: underline;\">cialtagama.com<\/span><\/a><\/p>\n<p>Cie Breaked &#8211; Suzon Gheur<br \/>\n<a href=\"https:\/\/www.ciebreaked.com\/\" target=\"_blank\" rel=\"noopener\"><span style=\"text-decoration: underline;\">ciebreaked.com<\/span><\/a>[\/vc_column_text][\/vc_column_inner][\/vc_row_inner][\/vc_column][\/vc_row]<\/p>\n<\/div>","protected":false},"excerpt":{"rendered":"<p>[vc_row padding_bottom_multiplier=\u00bb\u00bb][vc_column][\/vc_column][\/vc_row][vc_row padding_top_multiplier=\u00bb\u00bb padding_bottom_multiplier=\u00bb\u00bb mobile_columns_vertical_gap=\u00bbnone\u00bb][vc_column][vc_row_inner padding_top_multiplier=\u00bb1x\u00bb padding_bottom_multiplier=\u00bb1x\u00bb mobile_columns_vertical_gap=\u00bb15&#8243;][vc_column_inner width=\u00bb1\/4&#8243;][\/vc_column_inner][vc_column_inner width=\u00bb2\/3&#8243;][vc_column_text css=\u00bb.vc_custom_1674201812007{margin-bottom: 0px !important;padding-bottom: 0px !important;}\u00bb] Circo en el sentido m\u00e1s amplio, un circo de hoy en d\u00eda que a veces juega con los l\u00edmites entre las disciplinas. Difusi\u00f3n: desarrollo de la red profesional, organizaci\u00f3n de giras coherentes, comunicaci\u00f3n en torno a los espect\u00e1culos, seguimiento administrativo\u2026 [&hellip;]<\/p>\n","protected":false},"author":1,"featured_media":0,"parent":0,"menu_order":0,"comment_status":"closed","ping_status":"closed","template":"","meta":{"iawp_total_views":20,"footnotes":""},"class_list":["post-6312","page","type-page","status-publish","hentry","grve-entry-item"],"_links":{"self":[{"href":"https:\/\/lachouettediffusion.com\/es\/wp-json\/wp\/v2\/pages\/6312","targetHints":{"allow":["GET"]}}],"collection":[{"href":"https:\/\/lachouettediffusion.com\/es\/wp-json\/wp\/v2\/pages"}],"about":[{"href":"https:\/\/lachouettediffusion.com\/es\/wp-json\/wp\/v2\/types\/page"}],"author":[{"embeddable":true,"href":"https:\/\/lachouettediffusion.com\/es\/wp-json\/wp\/v2\/users\/1"}],"replies":[{"embeddable":true,"href":"https:\/\/lachouettediffusion.com\/es\/wp-json\/wp\/v2\/comments?post=6312"}],"version-history":[{"count":5,"href":"https:\/\/lachouettediffusion.com\/es\/wp-json\/wp\/v2\/pages\/6312\/revisions"}],"predecessor-version":[{"id":7591,"href":"https:\/\/lachouettediffusion.com\/es\/wp-json\/wp\/v2\/pages\/6312\/revisions\/7591"}],"wp:attachment":[{"href":"https:\/\/lachouettediffusion.com\/es\/wp-json\/wp\/v2\/media?parent=6312"}],"curies":[{"name":"wp","href":"https:\/\/api.w.org\/{rel}","templated":true}]}}