{"id":6306,"date":"2023-01-25T07:55:07","date_gmt":"2023-01-25T06:55:07","guid":{"rendered":"https:\/\/lachouettediffusion.com\/politica-de-privacidad\/"},"modified":"2023-10-02T10:04:35","modified_gmt":"2023-10-02T08:04:35","slug":"politica-de-privacidad","status":"publish","type":"page","link":"https:\/\/lachouettediffusion.com\/es\/politica-de-privacidad\/","title":{"rendered":"Pol\u00edtica de privacidad"},"content":{"rendered":"<div class=\"wpb-content-wrapper\"><p>[vc_row][vc_column]<h3 class=\"grve-element grve-title grve-align-inherit grve-subtitle-text grve-with-line grve-bottom-line\" style=\"margin-bottom: 30px;\"><span>La Chouette Diffusion &#8211; Pol\u00edtica de privacidad<\/span><span class=\"grve-title-line grve-bg-primary-2\" style=\"width: 50px;height: 1px;\"><\/span><\/h3>[vc_column_text]<strong>\u00bfQui\u00e9nes somos?<\/strong><\/p>\n<p>La Chouette Diffusion<br \/>\nN\u00famero de empresa: 841 149 554<br \/>\nSede social : Avenue Stuart Merrill, n\u00b068 \u2013 1190 Bruxelles<br \/>\nContacto: myriam@lachouettediffusion.com<\/p>\n<p><strong>Uso de los datos personales recogidos<\/strong><\/p>\n<p>No recogemos m\u00e1s datos personales que la direcci\u00f3n de correo electr\u00f3nico que nos proporciona si se suscribe a nuestro newsletter.<\/p>\n<p><strong>Formularios de contacto<\/strong><\/p>\n<p>Utilizamos un formulario de contacto para recoger los nombres completos y las direcciones de correo electr\u00f3nico de las personas que desean recibir nuestro newsletter. Conservamos estos datos mientras dura el newsletter. Puede darse de baja en cualquier momento enviando una solicitud a la siguiente direcci\u00f3n: cecile@lachouettediffusion.com. Tan pronto como se reciba y ejecute su solicitud de baja, su direcci\u00f3n de correo electr\u00f3nico de contacto se eliminar\u00e1 de nuestra base de datos. Tambi\u00e9n puede darse de baja en cualquier momento a trav\u00e9s del enlace que aparece al final de cada newsletter.<\/p>\n<p><strong>Cookies<\/strong><\/p>\n<p>Cuando visita el sitio, instalamos una cookie para guardar sus preferencias de pantalla. La vida \u00fatil de una cookie de opci\u00f3n de pantalla es de un a\u00f1o.<\/p>\n<p><strong>Contenido incrustado de otros sitios<\/strong><\/p>\n<p>Las p\u00e1ginas de este sitio pueden incluir contenidos incrustados (por ejemplo, v\u00eddeos). El contenido incrustado de otros sitios se comporta de la misma manera que si el visitante estuviera en ese otro sitio.<\/p>\n<p>Estos sitios web pueden recopilar datos sobre usted, utilizar cookies, incrustar herramientas de seguimiento de terceros, rastrear sus interacciones con estos contenidos incrustados si tiene una cuenta iniciada en su sitio web.<\/p>\n<p><strong>Estad\u00edsticas y medici\u00f3n de audiencias<\/strong><\/p>\n<p>No utilizamos ninguna herramienta de medici\u00f3n de audiencia.<\/p>\n<p><strong>Uso y transmisi\u00f3n de sus datos personales<\/strong><\/p>\n<p>No compartimos sus datos personales con terceros.<\/p>\n<p><strong>C\u00f3mo protegemos sus datos<\/strong><\/p>\n<p>Sus datos est\u00e1n protegidos mediante encriptaci\u00f3n y nuestros equipos est\u00e1n formados en protecci\u00f3n de datos.<\/p>\n<p><strong>Procedimientos en caso de fuga de datos<\/strong><\/p>\n<p>Disponemos de un cortafuegos para evitar intrusiones. En caso de fuga de datos, se ha establecido un sistema interno de notificaci\u00f3n.[\/vc_column_text][\/vc_column][\/vc_row]<\/p>\n<\/div>","protected":false},"excerpt":{"rendered":"<p>[vc_row][vc_column][vc_column_text]\u00bfQui\u00e9nes somos? La Chouette Diffusion N\u00famero de empresa: 841 149 554 Sede social : Avenue Stuart Merrill, n\u00b068 \u2013 1190 Bruxelles Contacto: myriam@lachouettediffusion.com Uso de los datos personales recogidos No recogemos m\u00e1s datos personales que la direcci\u00f3n de correo electr\u00f3nico que nos proporciona si se suscribe a nuestro newsletter. Formularios de contacto Utilizamos un formulario [&hellip;]<\/p>\n","protected":false},"author":1,"featured_media":0,"parent":0,"menu_order":0,"comment_status":"closed","ping_status":"closed","template":"","meta":{"iawp_total_views":7,"footnotes":""},"class_list":["post-6306","page","type-page","status-publish","hentry","grve-entry-item"],"_links":{"self":[{"href":"https:\/\/lachouettediffusion.com\/es\/wp-json\/wp\/v2\/pages\/6306","targetHints":{"allow":["GET"]}}],"collection":[{"href":"https:\/\/lachouettediffusion.com\/es\/wp-json\/wp\/v2\/pages"}],"about":[{"href":"https:\/\/lachouettediffusion.com\/es\/wp-json\/wp\/v2\/types\/page"}],"author":[{"embeddable":true,"href":"https:\/\/lachouettediffusion.com\/es\/wp-json\/wp\/v2\/users\/1"}],"replies":[{"embeddable":true,"href":"https:\/\/lachouettediffusion.com\/es\/wp-json\/wp\/v2\/comments?post=6306"}],"version-history":[{"count":7,"href":"https:\/\/lachouettediffusion.com\/es\/wp-json\/wp\/v2\/pages\/6306\/revisions"}],"predecessor-version":[{"id":9321,"href":"https:\/\/lachouettediffusion.com\/es\/wp-json\/wp\/v2\/pages\/6306\/revisions\/9321"}],"wp:attachment":[{"href":"https:\/\/lachouettediffusion.com\/es\/wp-json\/wp\/v2\/media?parent=6306"}],"curies":[{"name":"wp","href":"https:\/\/api.w.org\/{rel}","templated":true}]}}