{"id":6294,"date":"2023-01-25T07:47:47","date_gmt":"2023-01-25T06:47:47","guid":{"rendered":"https:\/\/lachouettediffusion.com\/menciones-legales\/"},"modified":"2023-10-02T10:02:48","modified_gmt":"2023-10-02T08:02:48","slug":"menciones-legales","status":"publish","type":"page","link":"https:\/\/lachouettediffusion.com\/es\/menciones-legales\/","title":{"rendered":"Menciones legales"},"content":{"rendered":"<div class=\"wpb-content-wrapper\"><p>[vc_row][vc_column]<h3 class=\"grve-element grve-title grve-align-inherit grve-subtitle-text grve-with-line grve-bottom-line\" style=\"margin-bottom: 30px;\"><span>La Chouette Diffusion &#8211; Menciones legales<\/span><span class=\"grve-title-line grve-bg-primary-2\" style=\"width: 50px;height: 1px;\"><\/span><\/h3>[vc_column_text]<strong>La Chouette Diffusion<\/strong><br \/>\nN\u00famero de empresa: 841 149 554<br \/>\nSede social : Avenue Stuart Merrill, n\u00b068 \u2013 1190 Bruxelles<br \/>\nContacto: myriam@lachouettediffusion.com<br \/>\n+32 486 97 27 48<\/p>\n<p><strong>Directora de la publicaci\u00f3n<\/strong><br \/>\nC\u00e9cile Imbernon<br \/>\n+33 06 19 57 91 40<br \/>\ncecile@lachouettediffusion.com<\/p>\n<p><strong>Hosting<\/strong><br \/>\n1&amp;1 Internet SARL<br \/>\n7, place de la Gare<br \/>\nBP 70109<br \/>\n57201 Sarreguemines Cedex<\/p>\n<p><strong>Dise\u00f1o gr\u00e1fico, ilustraci\u00f3n, identidad visual<\/strong>: <a href=\"https:\/\/www.atelierkami.com\" target=\"_blank\" rel=\"noopener\"><span style=\"text-decoration: underline;\">Atelier Kami<\/span><\/a><strong><br \/>\nWebdesign<\/strong> : <a href=\"https:\/\/loicthisse.com\" target=\"_blank\" rel=\"noopener\"><span style=\"text-decoration: underline;\">Lo\u00efc Thisse<\/span><\/a>[\/vc_column_text][\/vc_column][\/vc_row]<\/p>\n<\/div>","protected":false},"excerpt":{"rendered":"<p>[vc_row][vc_column][vc_column_text]La Chouette Diffusion N\u00famero de empresa: 841 149 554 Sede social : Avenue Stuart Merrill, n\u00b068 \u2013 1190 Bruxelles Contacto: myriam@lachouettediffusion.com +32 486 97 27 48 Directora de la publicaci\u00f3n C\u00e9cile Imbernon +33 06 19 57 91 40 cecile@lachouettediffusion.com Hosting 1&amp;1 Internet SARL 7, place de la Gare BP 70109 57201 Sarreguemines Cedex Dise\u00f1o gr\u00e1fico, [&hellip;]<\/p>\n","protected":false},"author":1,"featured_media":0,"parent":0,"menu_order":0,"comment_status":"closed","ping_status":"closed","template":"","meta":{"iawp_total_views":7,"footnotes":""},"class_list":["post-6294","page","type-page","status-publish","hentry","grve-entry-item"],"_links":{"self":[{"href":"https:\/\/lachouettediffusion.com\/es\/wp-json\/wp\/v2\/pages\/6294","targetHints":{"allow":["GET"]}}],"collection":[{"href":"https:\/\/lachouettediffusion.com\/es\/wp-json\/wp\/v2\/pages"}],"about":[{"href":"https:\/\/lachouettediffusion.com\/es\/wp-json\/wp\/v2\/types\/page"}],"author":[{"embeddable":true,"href":"https:\/\/lachouettediffusion.com\/es\/wp-json\/wp\/v2\/users\/1"}],"replies":[{"embeddable":true,"href":"https:\/\/lachouettediffusion.com\/es\/wp-json\/wp\/v2\/comments?post=6294"}],"version-history":[{"count":6,"href":"https:\/\/lachouettediffusion.com\/es\/wp-json\/wp\/v2\/pages\/6294\/revisions"}],"predecessor-version":[{"id":9310,"href":"https:\/\/lachouettediffusion.com\/es\/wp-json\/wp\/v2\/pages\/6294\/revisions\/9310"}],"wp:attachment":[{"href":"https:\/\/lachouettediffusion.com\/es\/wp-json\/wp\/v2\/media?parent=6294"}],"curies":[{"name":"wp","href":"https:\/\/api.w.org\/{rel}","templated":true}]}}