{"id":7707,"date":"2023-03-11T08:39:39","date_gmt":"2023-03-11T07:39:39","guid":{"rendered":"https:\/\/lachouettediffusion.com\/agenda\/les-grands-vertiges\/"},"modified":"2025-05-15T11:23:35","modified_gmt":"2025-05-15T09:23:35","slug":"les-grands-vertiges","status":"publish","type":"page","link":"https:\/\/lachouettediffusion.com\/en\/agenda\/les-grands-vertiges\/","title":{"rendered":"Les grands vertiges"},"content":{"rendered":"<div class=\"wpb-content-wrapper\"><p>[vc_row][vc_column][vc_column_text css=&#8221;&#8221;]<div id=\"vsel\" class=\"vsel-shortcode vsel-shortcode-past-events\"><div id=\"event-12031\" class=\"vsel-content les-grands-vertiges vsel-past\"><div class=\"vsel-meta vsel-alignleft\" style=\"width:30%;\"><div class=\"vsel-meta-date vsel-meta-single-date\"><span>22 January 2026<\/span><\/div><div class=\"vsel-meta-time\"><span>13:00<\/span><\/div><\/div><div class=\"vsel-info vsel-alignright\" style=\"width:66%;\"><div class=\"vsel-text\"><div class=\"wpb-content-wrapper\"><p>[vc_section][vc_row section_type=&#8221;fullwidth&#8221; padding_top_multiplier=&#8221;&#8221; padding_bottom_multiplier=&#8221;&#8221; equal_column_height=&#8221;equal&#8221; mobile_columns_vertical_gap=&#8221;none&#8221;][vc_column width=&#8221;1\/2&#8243;]<h5 class=\"grve-element grve-title grve-align-inherit grve-h5\" style=\"margin-bottom: 0px;\"><span><a href=\"https:\/\/lachouettediffusion.com\/portfolio-item\/les-grands-vertiges\/\">Les grands vertiges<\/a><\/span><\/h5><h5 class=\"grve-element grve-title grve-align-inherit grve-small-text grve-text-primary-2\" style=\"margin-bottom: 0px;\"><span>Lapsus<\/span><\/h5>[\/vc_column][vc_column width=&#8221;1\/2&#8243;][vc_column_text css=&#8221;&#8221;]<span style=\"text-decoration: underline;\"><a href=\"https:\/\/www.nuitsdelalecture.fr\/\" target=\"_blank\" rel=\"noopener\"><span style=\"text-decoration: underline;\">Nuits de la lecture, Biblioth\u00e8que Universitaire &#8211; Universit\u00e9 Paris Nanterre (Fr92)<\/span><\/a><\/span>[\/vc_column_text][\/vc_column][\/vc_row][\/vc_section]<\/p>\n<\/div><\/div><\/div><\/div><div id=\"event-10780\" class=\"vsel-content les-grands-vertiges vsel-past\"><div class=\"vsel-meta vsel-alignleft\" style=\"width:30%;\"><div class=\"vsel-meta-date vsel-meta-single-date\"><span>14 February 2025<\/span><\/div><div class=\"vsel-meta-time\"><span>18:30<\/span><\/div><\/div><div class=\"vsel-info vsel-alignright\" style=\"width:66%;\"><div class=\"vsel-text\"><div class=\"wpb-content-wrapper\"><p>[vc_section][vc_row section_type=&#8221;fullwidth&#8221; padding_top_multiplier=&#8221;&#8221; padding_bottom_multiplier=&#8221;&#8221; equal_column_height=&#8221;equal&#8221; mobile_columns_vertical_gap=&#8221;none&#8221;][vc_column width=&#8221;1\/2&#8243;]<h5 class=\"grve-element grve-title grve-align-inherit grve-h5\" style=\"margin-bottom: 0px;\"><span><a href=\"https:\/\/lachouettediffusion.com\/portfolio-item\/les-grands-vertiges\/\">Les grands vertiges<\/a><\/span><\/h5><h5 class=\"grve-element grve-title grve-align-inherit grve-small-text grve-text-primary-2\" style=\"margin-bottom: 0px;\"><span>Lapsus<\/span><\/h5>[\/vc_column][vc_column width=&#8221;1\/2&#8243;][vc_column_text css=&#8221;&#8221;]<span style=\"text-decoration: underline;\"><a href=\"https:\/\/culture.univ-tlse2.fr\/\" target=\"_blank\" rel=\"noopener\"><span style=\"text-decoration: underline;\">La Compl\u00e8te &#8211; Festival Novo Futur, Universit\u00e9 Toulouse Jean Jaur\u00e8s (Fr31)<\/span><\/a><\/span>[\/vc_column_text][\/vc_column][\/vc_row][\/vc_section]<\/p>\n<\/div><\/div><\/div><\/div><div id=\"event-10356\" class=\"vsel-content les-grands-vertiges vsel-past\"><div class=\"vsel-meta vsel-alignleft\" style=\"width:30%;\"><div class=\"vsel-meta-date vsel-meta-single-date\"><span>1 February 2025<\/span><\/div><div class=\"vsel-meta-time\"><span>16:00<\/span><\/div><\/div><div class=\"vsel-info vsel-alignright\" style=\"width:66%;\"><div class=\"vsel-text\"><div class=\"wpb-content-wrapper\"><p>[vc_section][vc_row section_type=&#8221;fullwidth&#8221; padding_top_multiplier=&#8221;&#8221; padding_bottom_multiplier=&#8221;&#8221; equal_column_height=&#8221;equal&#8221; mobile_columns_vertical_gap=&#8221;none&#8221;][vc_column width=&#8221;1\/2&#8243;]<h5 class=\"grve-element grve-title grve-align-inherit grve-h5\" style=\"margin-bottom: 0px;\"><span><a href=\"https:\/\/lachouettediffusion.com\/portfolio-item\/les-grands-vertiges\/\">Les grands vertiges<\/a><\/span><\/h5><h5 class=\"grve-element grve-title grve-align-inherit grve-small-text grve-text-primary-2\" style=\"margin-bottom: 0px;\"><span>Lapsus<\/span><\/h5>[\/vc_column][vc_column width=&#8221;1\/2&#8243;][vc_column_text css=&#8221;&#8221;]<span style=\"text-decoration: underline;\"><a href=\"https:\/\/la-grainerie.net\/\" target=\"_blank\" rel=\"noopener\"><span style=\"text-decoration: underline;\">La Compl\u00e8te &#8211; La Grainerie, Balma (Fr31)<\/span><\/a><\/span>[\/vc_column_text][\/vc_column][\/vc_row][\/vc_section]<\/p>\n<\/div><\/div><\/div><\/div><div id=\"event-10188\" class=\"vsel-content les-grands-vertiges vsel-past\"><div class=\"vsel-meta vsel-alignleft\" style=\"width:30%;\"><div class=\"vsel-meta-date vsel-meta-single-date\"><span>7 October 2024<\/span><\/div><div class=\"vsel-meta-time\"><span>14:00<\/span><\/div><\/div><div class=\"vsel-info vsel-alignright\" style=\"width:66%;\"><div class=\"vsel-text\"><div class=\"wpb-content-wrapper\"><p>[vc_section][vc_row section_type=&#8221;fullwidth&#8221; padding_top_multiplier=&#8221;&#8221; padding_bottom_multiplier=&#8221;&#8221; equal_column_height=&#8221;equal&#8221; mobile_columns_vertical_gap=&#8221;none&#8221;][vc_column width=&#8221;1\/2&#8243;]<h5 class=\"grve-element grve-title grve-align-inherit grve-h5\" style=\"margin-bottom: 0px;\"><span><a href=\"https:\/\/lachouettediffusion.com\/portfolio-item\/les-grands-vertiges\/\">Les grands vertiges<\/a><\/span><\/h5><h5 class=\"grve-element grve-title grve-align-inherit grve-small-text grve-text-primary-2\" style=\"margin-bottom: 0px;\"><span>Lapsus<\/span><\/h5>[\/vc_column][vc_column width=&#8221;1\/2&#8243;][vc_column_text css=&#8221;&#8221;]<span style=\"text-decoration: underline;\"><a href=\"https:\/\/www.etedevaour.org\/\" target=\"_blank\" rel=\"noopener\"><span style=\"text-decoration: underline;\">SCOLAIRE Ramures avec L&#8217;\u00e9t\u00e9 de Vaour, N\u00e8grepelisse (Fr82)<\/span><\/a><\/span>[\/vc_column_text][\/vc_column][\/vc_row][\/vc_section]<\/p>\n<\/div><\/div><\/div><\/div><div id=\"event-10185\" class=\"vsel-content les-grands-vertiges vsel-past\"><div class=\"vsel-meta vsel-alignleft\" style=\"width:30%;\"><div class=\"vsel-meta-date vsel-meta-single-date\"><span>6 October 2024<\/span><\/div><div class=\"vsel-meta-time\"><span>17:00<\/span><\/div><\/div><div class=\"vsel-info vsel-alignright\" style=\"width:66%;\"><div class=\"vsel-text\"><div class=\"wpb-content-wrapper\"><p>[vc_section][vc_row section_type=&#8221;fullwidth&#8221; padding_top_multiplier=&#8221;&#8221; padding_bottom_multiplier=&#8221;&#8221; equal_column_height=&#8221;equal&#8221; mobile_columns_vertical_gap=&#8221;none&#8221;][vc_column width=&#8221;1\/2&#8243;]<h5 class=\"grve-element grve-title grve-align-inherit grve-h5\" style=\"margin-bottom: 0px;\"><span><a href=\"https:\/\/lachouettediffusion.com\/portfolio-item\/les-grands-vertiges\/\">Les grands vertiges<\/a><\/span><\/h5><h5 class=\"grve-element grve-title grve-align-inherit grve-small-text grve-text-primary-2\" style=\"margin-bottom: 0px;\"><span>Lapsus<\/span><\/h5>[\/vc_column][vc_column width=&#8221;1\/2&#8243;][vc_column_text css=&#8221;&#8221;]<span style=\"text-decoration: underline;\"><a href=\"https:\/\/www.etedevaour.org\/\" target=\"_blank\" rel=\"noopener\"><span style=\"text-decoration: underline;\">Ramures avec L&#8217;\u00e9t\u00e9 de Vaour, Bruniquel (Fr82)<\/span><\/a><\/span>[\/vc_column_text][\/vc_column][\/vc_row][\/vc_section]<\/p>\n<\/div><\/div><\/div><\/div><div id=\"event-10181\" class=\"vsel-content les-grands-vertiges vsel-past\"><div class=\"vsel-meta vsel-alignleft\" style=\"width:30%;\"><div class=\"vsel-meta-date vsel-meta-single-date\"><span>5 October 2024<\/span><\/div><div class=\"vsel-meta-time\"><span>14:30<\/span><\/div><\/div><div class=\"vsel-info vsel-alignright\" style=\"width:66%;\"><div class=\"vsel-text\"><div class=\"wpb-content-wrapper\"><p>[vc_section][vc_row section_type=&#8221;fullwidth&#8221; padding_top_multiplier=&#8221;&#8221; padding_bottom_multiplier=&#8221;&#8221; equal_column_height=&#8221;equal&#8221; mobile_columns_vertical_gap=&#8221;none&#8221;][vc_column width=&#8221;1\/2&#8243;]<h5 class=\"grve-element grve-title grve-align-inherit grve-h5\" style=\"margin-bottom: 0px;\"><span><a href=\"https:\/\/lachouettediffusion.com\/portfolio-item\/les-grands-vertiges\/\">Les grands vertiges<\/a><\/span><\/h5><h5 class=\"grve-element grve-title grve-align-inherit grve-small-text grve-text-primary-2\" style=\"margin-bottom: 0px;\"><span>Lapsus<\/span><\/h5>[\/vc_column][vc_column width=&#8221;1\/2&#8243;][vc_column_text css=&#8221;&#8221;]<span style=\"text-decoration: underline;\"><a href=\"https:\/\/www.etedevaour.org\/\" target=\"_blank\" rel=\"noopener\"><span style=\"text-decoration: underline;\">Ramures avec L&#8217;\u00e9t\u00e9 de Vaour, Puycelsi (Fr81)<\/span><\/a><\/span>[\/vc_column_text][\/vc_column][\/vc_row][\/vc_section]<\/p>\n<\/div><\/div><\/div><\/div><div id=\"event-10178\" class=\"vsel-content les-grands-vertiges vsel-past\"><div class=\"vsel-meta vsel-alignleft\" style=\"width:30%;\"><div class=\"vsel-meta-date vsel-meta-single-date\"><span>3 October 2024<\/span><\/div><div class=\"vsel-meta-time\"><span>10:30<\/span><\/div><\/div><div class=\"vsel-info vsel-alignright\" style=\"width:66%;\"><div class=\"vsel-text\"><div class=\"wpb-content-wrapper\"><p>[vc_section][vc_row section_type=&#8221;fullwidth&#8221; padding_top_multiplier=&#8221;&#8221; padding_bottom_multiplier=&#8221;&#8221; equal_column_height=&#8221;equal&#8221; mobile_columns_vertical_gap=&#8221;none&#8221;][vc_column width=&#8221;1\/2&#8243;]<h5 class=\"grve-element grve-title grve-align-inherit grve-h5\" style=\"margin-bottom: 0px;\"><span><a href=\"https:\/\/lachouettediffusion.com\/portfolio-item\/les-grands-vertiges\/\">Les grands vertiges<\/a><\/span><\/h5><h5 class=\"grve-element grve-title grve-align-inherit grve-small-text grve-text-primary-2\" style=\"margin-bottom: 0px;\"><span>Lapsus<\/span><\/h5>[\/vc_column][vc_column width=&#8221;1\/2&#8243;][vc_column_text css=&#8221;&#8221;]<span style=\"text-decoration: underline;\"><a href=\"https:\/\/www.etedevaour.org\/\" target=\"_blank\" rel=\"noopener\"><span style=\"text-decoration: underline;\">SCOLAIRE Ramures avec L&#8217;\u00e9t\u00e9 de Vaour, Les Cabannes (Fr81)<\/span><\/a><\/span>[\/vc_column_text][\/vc_column][\/vc_row][\/vc_section]<\/p>\n<\/div><\/div><\/div><\/div><div id=\"event-10174\" class=\"vsel-content les-grands-vertiges vsel-past\"><div class=\"vsel-meta vsel-alignleft\" style=\"width:30%;\"><div class=\"vsel-meta-date vsel-meta-single-date\"><span>2 October 2024<\/span><\/div><div class=\"vsel-meta-time\"><span>18:00<\/span><\/div><\/div><div class=\"vsel-info vsel-alignright\" style=\"width:66%;\"><div class=\"vsel-text\"><div class=\"wpb-content-wrapper\"><p>[vc_section][vc_row section_type=&#8221;fullwidth&#8221; padding_top_multiplier=&#8221;&#8221; padding_bottom_multiplier=&#8221;&#8221; equal_column_height=&#8221;equal&#8221; mobile_columns_vertical_gap=&#8221;none&#8221;][vc_column width=&#8221;1\/2&#8243;]<h5 class=\"grve-element grve-title grve-align-inherit grve-h5\" style=\"margin-bottom: 0px;\"><span><a href=\"https:\/\/lachouettediffusion.com\/portfolio-item\/les-grands-vertiges\/\">Les grands vertiges<\/a><\/span><\/h5><h5 class=\"grve-element grve-title grve-align-inherit grve-small-text grve-text-primary-2\" style=\"margin-bottom: 0px;\"><span>Lapsus<\/span><\/h5>[\/vc_column][vc_column width=&#8221;1\/2&#8243;][vc_column_text css=&#8221;&#8221;]<span style=\"text-decoration: underline;\"><a href=\"https:\/\/www.etedevaour.org\/\" target=\"_blank\" rel=\"noopener\"><span style=\"text-decoration: underline;\">Ramures avec L&#8217;\u00e9t\u00e9 de Vaour, Cordes-sur-Ciel (Fr81)<\/span><\/a><\/span>[\/vc_column_text][\/vc_column][\/vc_row][\/vc_section]<\/p>\n<\/div><\/div><\/div><\/div><div id=\"event-10171\" class=\"vsel-content les-grands-vertiges vsel-past\"><div class=\"vsel-meta vsel-alignleft\" style=\"width:30%;\"><div class=\"vsel-meta-date vsel-meta-single-date\"><span>30 September 2024<\/span><\/div><div class=\"vsel-meta-time\"><span>14:00<\/span><\/div><\/div><div class=\"vsel-info vsel-alignright\" style=\"width:66%;\"><div class=\"vsel-text\"><div class=\"wpb-content-wrapper\"><p>[vc_section][vc_row section_type=&#8221;fullwidth&#8221; padding_top_multiplier=&#8221;&#8221; padding_bottom_multiplier=&#8221;&#8221; equal_column_height=&#8221;equal&#8221; mobile_columns_vertical_gap=&#8221;none&#8221;][vc_column width=&#8221;1\/2&#8243;]<h5 class=\"grve-element grve-title grve-align-inherit grve-h5\" style=\"margin-bottom: 0px;\"><span><a href=\"https:\/\/lachouettediffusion.com\/portfolio-item\/les-grands-vertiges\/\">Les grands vertiges<\/a><\/span><\/h5><h5 class=\"grve-element grve-title grve-align-inherit grve-small-text grve-text-primary-2\" style=\"margin-bottom: 0px;\"><span>Lapsus<\/span><\/h5>[\/vc_column][vc_column width=&#8221;1\/2&#8243;][vc_column_text css=&#8221;&#8221;]<span style=\"text-decoration: underline;\"><a href=\"https:\/\/www.etedevaour.org\/\" target=\"_blank\" rel=\"noopener\"><span style=\"text-decoration: underline;\">SCOLAIRE Ramures avec L&#8217;\u00e9t\u00e9 de Vaour, <\/span><\/a><a href=\"https:\/\/www.etedevaour.org\/\" target=\"_blank\" rel=\"noopener\">St-Antonin-Noble-Val (Fr82)<\/a><\/span>[\/vc_column_text][\/vc_column][\/vc_row][\/vc_section]<\/p>\n<\/div><\/div><\/div><\/div><div id=\"event-10167\" class=\"vsel-content les-grands-vertiges vsel-past\"><div class=\"vsel-meta vsel-alignleft\" style=\"width:30%;\"><div class=\"vsel-meta-date vsel-meta-single-date\"><span>29 September 2024<\/span><\/div><div class=\"vsel-meta-time\"><span>16:00<\/span><\/div><\/div><div class=\"vsel-info vsel-alignright\" style=\"width:66%;\"><div class=\"vsel-text\"><div class=\"wpb-content-wrapper\"><p>[vc_section][vc_row section_type=&#8221;fullwidth&#8221; padding_top_multiplier=&#8221;&#8221; padding_bottom_multiplier=&#8221;&#8221; equal_column_height=&#8221;equal&#8221; mobile_columns_vertical_gap=&#8221;none&#8221;][vc_column width=&#8221;1\/2&#8243;]<h5 class=\"grve-element grve-title grve-align-inherit grve-h5\" style=\"margin-bottom: 0px;\"><span><a href=\"https:\/\/lachouettediffusion.com\/portfolio-item\/les-grands-vertiges\/\">Les grands vertiges<\/a><\/span><\/h5><h5 class=\"grve-element grve-title grve-align-inherit grve-small-text grve-text-primary-2\" style=\"margin-bottom: 0px;\"><span>Lapsus<\/span><\/h5>[\/vc_column][vc_column width=&#8221;1\/2&#8243;][vc_column_text css=&#8221;&#8221;]<span style=\"text-decoration: underline;\"><a href=\"https:\/\/www.etedevaour.org\/\" target=\"_blank\" rel=\"noopener\"><span style=\"text-decoration: underline;\">Ramures avec L&#8217;\u00e9t\u00e9 de Vaour, St-Antonin-Noble-Val (Fr82)<\/span><\/a><\/span>[\/vc_column_text][\/vc_column][\/vc_row][\/vc_section]<\/p>\n<\/div><\/div><\/div><\/div><div id=\"event-10029\" class=\"vsel-content les-grands-vertiges vsel-past\"><div class=\"vsel-meta vsel-alignleft\" style=\"width:30%;\"><div class=\"vsel-meta-date vsel-meta-single-date\"><span>5 July 2024<\/span><\/div><div class=\"vsel-meta-time\"><span>19:00<\/span><\/div><\/div><div class=\"vsel-info vsel-alignright\" style=\"width:66%;\"><div class=\"vsel-text\"><div class=\"wpb-content-wrapper\"><p>[vc_section][vc_row section_type=&#8221;fullwidth&#8221; padding_top_multiplier=&#8221;&#8221; padding_bottom_multiplier=&#8221;&#8221; equal_column_height=&#8221;equal&#8221; mobile_columns_vertical_gap=&#8221;none&#8221;][vc_column width=&#8221;1\/2&#8243;]<h5 class=\"grve-element grve-title grve-align-inherit grve-h5\" style=\"margin-bottom: 0px;\"><span><a href=\"https:\/\/lachouettediffusion.com\/portfolio-item\/les-grands-vertiges\/\">Les grands vertiges<\/a><\/span><\/h5><h5 class=\"grve-element grve-title grve-align-inherit grve-small-text grve-text-primary-2\" style=\"margin-bottom: 0px;\"><span>Lapsus<\/span><\/h5>[\/vc_column][vc_column width=&#8221;1\/2&#8243;][vc_column_text]<span style=\"text-decoration: underline;\"><a href=\"https:\/\/www.pjef.net\/\" target=\"_blank\" rel=\"noopener\"><span style=\"text-decoration: underline;\">Ch\u00e2teau des Confluences, Pinsaguel (Fr31)<\/span><\/a><\/span>[\/vc_column_text][\/vc_column][\/vc_row][\/vc_section]<\/p>\n<\/div><\/div><\/div><\/div><div id=\"event-10026\" class=\"vsel-content les-grands-vertiges vsel-past\"><div class=\"vsel-meta vsel-alignleft\" style=\"width:30%;\"><div class=\"vsel-meta-date vsel-meta-single-date\"><span>3 July 2024<\/span><\/div><div class=\"vsel-meta-time\"><span>18:30<\/span><\/div><\/div><div class=\"vsel-info vsel-alignright\" style=\"width:66%;\"><div class=\"vsel-text\"><div class=\"wpb-content-wrapper\"><p>[vc_section][vc_row section_type=&#8221;fullwidth&#8221; padding_top_multiplier=&#8221;&#8221; padding_bottom_multiplier=&#8221;&#8221; equal_column_height=&#8221;equal&#8221; mobile_columns_vertical_gap=&#8221;none&#8221;][vc_column width=&#8221;1\/2&#8243;]<h5 class=\"grve-element grve-title grve-align-inherit grve-h5\" style=\"margin-bottom: 0px;\"><span><a href=\"https:\/\/lachouettediffusion.com\/portfolio-item\/les-grands-vertiges\/\">Les grands vertiges<\/a><\/span><\/h5><h5 class=\"grve-element grve-title grve-align-inherit grve-small-text grve-text-primary-2\" style=\"margin-bottom: 0px;\"><span>Lapsus<\/span><\/h5>[\/vc_column][vc_column width=&#8221;1\/2&#8243;][vc_column_text]<span style=\"text-decoration: underline;\"><a href=\"https:\/\/www.pjef.net\/\" target=\"_blank\" rel=\"noopener\"><span style=\"text-decoration: underline;\">Sentier culturel, Muret (Fr31)<\/span><\/a><\/span>[\/vc_column_text][\/vc_column][\/vc_row][\/vc_section]<\/p>\n<\/div><\/div><\/div><\/div><div id=\"event-9039\" class=\"vsel-content les-grands-vertiges vsel-past\"><div class=\"vsel-meta vsel-alignleft\" style=\"width:30%;\"><div class=\"vsel-meta-date vsel-meta-single-date\"><span>20 October 2023<\/span><\/div><div class=\"vsel-meta-time\"><span>17:30<\/span><\/div><\/div><div class=\"vsel-info vsel-alignright\" style=\"width:66%;\"><div class=\"vsel-text\"><div class=\"wpb-content-wrapper\"><p>[vc_section][vc_row section_type=&#8221;fullwidth&#8221; padding_top_multiplier=&#8221;&#8221; padding_bottom_multiplier=&#8221;&#8221; equal_column_height=&#8221;equal&#8221; mobile_columns_vertical_gap=&#8221;none&#8221;][vc_column width=&#8221;1\/2&#8243;]<h5 class=\"grve-element grve-title grve-align-inherit grve-h5\" style=\"margin-bottom: 0px;\"><span><a href=\"https:\/\/lachouettediffusion.com\/portfolio-item\/les-grands-vertiges\/\">Les grands vertiges<\/a><\/span><\/h5><h5 class=\"grve-element grve-title grve-align-inherit grve-small-text grve-text-primary-2\" style=\"margin-bottom: 0px;\"><span>Lapsus<\/span><\/h5>[\/vc_column][vc_column width=&#8221;1\/2&#8243;][vc_column_text]<span style=\"text-decoration: underline;\"><a href=\"https:\/\/lombriere.fr\/\" target=\"_blank\" rel=\"noopener\"><span style=\"text-decoration: underline;\">L&#8217;Ombri\u00e8re, Communaut\u00e9 de Communes du Pays d&#8217;Uz\u00e8s (Fr30)<\/span><\/a><\/span>[\/vc_column_text][\/vc_column][\/vc_row][\/vc_section]<\/p>\n<\/div><\/div><\/div><\/div><div id=\"event-5013\" class=\"vsel-content les-grands-vertiges vsel-past\"><div class=\"vsel-meta vsel-alignleft\" style=\"width:30%;\"><div class=\"vsel-meta-date vsel-meta-single-date\"><span>17 November 2022<\/span><\/div><div class=\"vsel-meta-time\"><span>19h<\/span><\/div><\/div><div class=\"vsel-info vsel-alignright\" style=\"width:66%;\"><div class=\"vsel-text\"><div class=\"wpb-content-wrapper\"><p>[vc_section][vc_row section_type=&#8221;fullwidth&#8221; padding_top_multiplier=&#8221;&#8221; padding_bottom_multiplier=&#8221;&#8221; equal_column_height=&#8221;equal&#8221; mobile_columns_vertical_gap=&#8221;none&#8221;][vc_column width=&#8221;1\/2&#8243;]<h5 class=\"grve-element grve-title grve-align-inherit grve-h5\" style=\"margin-bottom: 0px;\"><span><a href=\"https:\/\/lachouettediffusion.com\/portfolio-item\/les-grands-vertiges\/\">Les grands vertiges<\/a><\/span><\/h5><h5 class=\"grve-element grve-title grve-align-inherit grve-small-text grve-text-primary-2\" style=\"margin-bottom: 0px;\"><span>Lapsus<\/span><\/h5>[\/vc_column][vc_column width=&#8221;1\/2&#8243;][vc_column_text]<span style=\"text-decoration: underline;\"><a href=\"https:\/\/www.confluences.org\/lettresdautomne-2\/\" target=\"_blank\" rel=\"noopener\"><span style=\"text-decoration: underline;\">Festival Lettres d&#8217;Automne, Moli\u00e8res (FR)<\/span><\/a><\/span>[\/vc_column_text][\/vc_column][\/vc_row][\/vc_section]<\/p>\n<\/div><\/div><\/div><\/div><div id=\"event-4658\" class=\"vsel-content les-grands-vertiges vsel-past\"><div class=\"vsel-meta vsel-alignleft\" style=\"width:30%;\"><div class=\"vsel-meta-date vsel-meta-single-date\"><span>22 February 2022<\/span><\/div><div class=\"vsel-meta-time\"><span>19h<\/span><\/div><\/div><div class=\"vsel-info vsel-alignright\" style=\"width:66%;\"><div class=\"vsel-text\"><div class=\"wpb-content-wrapper\"><p>[vc_section][vc_row section_type=&#8221;fullwidth&#8221; padding_top_multiplier=&#8221;&#8221; padding_bottom_multiplier=&#8221;&#8221; equal_column_height=&#8221;equal&#8221; mobile_columns_vertical_gap=&#8221;none&#8221;][vc_column width=&#8221;1\/2&#8243;]<h5 class=\"grve-element grve-title grve-align-inherit grve-h5\" style=\"margin-bottom: 0px;\"><span><a href=\"https:\/\/lachouettediffusion.com\/portfolio-item\/les-grands-vertiges\/\">Les grands vertiges<\/a><\/span><\/h5><h5 class=\"grve-element grve-title grve-align-inherit grve-small-text grve-text-primary-2\" style=\"margin-bottom: 0px;\"><span>Lapsus<\/span><\/h5>[\/vc_column][vc_column width=&#8221;1\/2&#8243;][vc_column_text]M\u00e9diath\u00e8que d&#8217;Ax les Thermes (09)[\/vc_column_text][\/vc_column][\/vc_row][\/vc_section]<\/p>\n<\/div><\/div><\/div><\/div><div id=\"event-4234\" class=\"vsel-content les-grands-vertiges vsel-past\"><div class=\"vsel-meta vsel-alignleft\" style=\"width:30%;\"><div class=\"vsel-meta-date vsel-meta-single-date\"><span>16 November 2021<\/span><\/div><\/div><div class=\"vsel-info vsel-alignright\" style=\"width:66%;\"><div class=\"vsel-text\"><div class=\"wpb-content-wrapper\"><p>[vc_section][vc_row section_type=&#8221;fullwidth&#8221; padding_top_multiplier=&#8221;&#8221; padding_bottom_multiplier=&#8221;&#8221; equal_column_height=&#8221;equal&#8221; mobile_columns_vertical_gap=&#8221;none&#8221;][vc_column width=&#8221;1\/2&#8243;]<h5 class=\"grve-element grve-title grve-align-inherit grve-h5\" style=\"margin-bottom: 0px;\"><span><a href=\"https:\/\/lachouettediffusion.com\/portfolio-item\/les-grands-vertiges\/\">Les grands vertiges<\/a><\/span><\/h5><h5 class=\"grve-element grve-title grve-align-inherit grve-small-text grve-text-primary-2\" style=\"margin-bottom: 0px;\"><span>Lapsus<\/span><\/h5>[\/vc_column][vc_column width=&#8221;1\/2&#8243;][vc_column_text]<a href=\"https:\/\/www.theatreleperiscope.fr\/\" target=\"_blank\" rel=\"noopener\"><u>Th\u00e9\u00e2tre du P\u00e9riscope &#8211; Nimes ( 30)<\/u><\/a>[\/vc_column_text][\/vc_column][\/vc_row][\/vc_section]<\/p>\n<\/div><\/div><\/div><\/div><div id=\"event-4233\" class=\"vsel-content les-grands-vertiges vsel-past\"><div class=\"vsel-meta vsel-alignleft\" style=\"width:30%;\"><div class=\"vsel-meta-date vsel-meta-single-date\"><span>30 September 2021<\/span><\/div><\/div><div class=\"vsel-info vsel-alignright\" style=\"width:66%;\"><div class=\"vsel-text\"><div class=\"wpb-content-wrapper\"><p>[vc_section][vc_row section_type=&#8221;fullwidth&#8221; padding_top_multiplier=&#8221;&#8221; padding_bottom_multiplier=&#8221;&#8221; equal_column_height=&#8221;equal&#8221; mobile_columns_vertical_gap=&#8221;none&#8221;][vc_column width=&#8221;1\/2&#8243;]<h5 class=\"grve-element grve-title grve-align-inherit grve-h5\" style=\"margin-bottom: 0px;\"><span><a href=\"https:\/\/lachouettediffusion.com\/portfolio-item\/les-grands-vertiges\/\">Les grands vertiges<\/a><\/span><\/h5><h5 class=\"grve-element grve-title grve-align-inherit grve-small-text grve-text-primary-2\" style=\"margin-bottom: 0px;\"><span>Lapsus<\/span><\/h5>[\/vc_column][vc_column width=&#8221;1\/2&#8243;][vc_column_text]<span style=\"text-decoration: underline;\"><a href=\"http:\/\/www.leschantsdemars.com\/\" target=\"_blank\" rel=\"noopener\">Festival Chant de Mars &#8211; Le Transbordeur- Lyon (69)<\/a><\/span>[\/vc_column_text][\/vc_column][\/vc_row][\/vc_section]<\/p>\n<\/div><\/div><\/div><\/div><div class=\"vsel-nav\"><\/div><\/div>[\/vc_column_text][\/vc_column][\/vc_row]<\/p>\n<\/div>","protected":false},"excerpt":{"rendered":"<p>[vc_row][vc_column][vc_column_text css=&#8221;&#8221;][\/vc_column_text][\/vc_column][\/vc_row]<\/p>\n","protected":false},"author":1,"featured_media":0,"parent":6265,"menu_order":0,"comment_status":"closed","ping_status":"closed","template":"","meta":{"iawp_total_views":2,"footnotes":""},"class_list":["post-7707","page","type-page","status-publish","hentry","grve-entry-item"],"_links":{"self":[{"href":"https:\/\/lachouettediffusion.com\/en\/wp-json\/wp\/v2\/pages\/7707","targetHints":{"allow":["GET"]}}],"collection":[{"href":"https:\/\/lachouettediffusion.com\/en\/wp-json\/wp\/v2\/pages"}],"about":[{"href":"https:\/\/lachouettediffusion.com\/en\/wp-json\/wp\/v2\/types\/page"}],"author":[{"embeddable":true,"href":"https:\/\/lachouettediffusion.com\/en\/wp-json\/wp\/v2\/users\/1"}],"replies":[{"embeddable":true,"href":"https:\/\/lachouettediffusion.com\/en\/wp-json\/wp\/v2\/comments?post=7707"}],"version-history":[{"count":4,"href":"https:\/\/lachouettediffusion.com\/en\/wp-json\/wp\/v2\/pages\/7707\/revisions"}],"predecessor-version":[{"id":11756,"href":"https:\/\/lachouettediffusion.com\/en\/wp-json\/wp\/v2\/pages\/7707\/revisions\/11756"}],"up":[{"embeddable":true,"href":"https:\/\/lachouettediffusion.com\/en\/wp-json\/wp\/v2\/pages\/6265"}],"wp:attachment":[{"href":"https:\/\/lachouettediffusion.com\/en\/wp-json\/wp\/v2\/media?parent=7707"}],"curies":[{"name":"wp","href":"https:\/\/api.w.org\/{rel}","templated":true}]}}