{"id":6282,"date":"2023-01-20T09:57:30","date_gmt":"2023-01-20T08:57:30","guid":{"rendered":"https:\/\/lachouettediffusion.com\/our-team\/"},"modified":"2024-02-28T10:08:57","modified_gmt":"2024-02-28T09:08:57","slug":"our-team","status":"publish","type":"page","link":"https:\/\/lachouettediffusion.com\/en\/our-team\/","title":{"rendered":"Our team"},"content":{"rendered":"<div class=\"wpb-content-wrapper\"><p>[vc_row padding_bottom_multiplier=&#8221;&#8221;][vc_column]<h1 class=\"grve-element grve-title grve-align-left grve-subtitle-text\" style=\"margin-bottom: 0px;\"><span>Our team<\/span><\/h1>[\/vc_column][\/vc_row][vc_row padding_top_multiplier=&#8221;&#8221; padding_bottom_multiplier=&#8221;&#8221;][vc_column]<div class=\"grve-element grve-divider\" style=\"padding-top: 15px;padding-bottom: 15px;\"><div class=\"grve-line-divider grve-border\"><\/div><\/div>[vc_row_inner padding_top_multiplier=&#8221;1x&#8221; padding_bottom_multiplier=&#8221;1x&#8221; columns_gap=&#8221;30&#8243; tablet_columns_vertical_gap=&#8221;60&#8243; tablet_sm_columns_vertical_gap=&#8221;60&#8243; mobile_columns_vertical_gap=&#8221;60&#8243;][vc_column_inner width=&#8221;1\/4&#8243; tablet_width=&#8221;1-2&#8243;]<div class=\"grve-element grve-team grve-layout-4\" style=\"margin-bottom: 30px;\">\r\n\t<div class=\"grve-team-person\">\r\n\t\t<img loading=\"lazy\" decoding=\"async\" width=\"150\" height=\"150\" src=\"https:\/\/lachouettediffusion.com\/wp-content\/uploads\/2023\/02\/Chantal-Heck-portrait-blue-150x150.png\" class=\"attachment-thumbnail size-thumbnail\" alt=\"Chantal-Heck-portrait-blue\" data-column-space=\"auto\" data-lazyload=\"\" srcset=\"https:\/\/lachouettediffusion.com\/wp-content\/uploads\/2023\/02\/Chantal-Heck-portrait-blue-150x150.png 150w, https:\/\/lachouettediffusion.com\/wp-content\/uploads\/2023\/02\/Chantal-Heck-portrait-blue-300x300.png 300w, https:\/\/lachouettediffusion.com\/wp-content\/uploads\/2023\/02\/Chantal-Heck-portrait-blue.png 473w\" sizes=\"auto, (max-width: 150px) 100vw, 150px\" \/>\t\t\t<\/div>\r\n\t<div class=\"grve-team-description\">\r\n\t\t\t\t<div class=\"grve-team-identity grve-small-text\">Chantal<\/div>\r\n\t\t\t\t<h3 class=\"grve-team-name grve-h6\">Heck<\/h3>\r\n\t<\/div>\r\n<\/div>\r\n<h3 class=\"grve-element grve-title grve-align-inherit grve-subtitle-text grve-text-primary-2\"><span>Dissemination and Production Manager<\/span><\/h3>[vc_column_text text_style=&#8221;link-text&#8221; css=&#8221;.vc_custom_1674229063171{margin-bottom: 30px !important;border-top-width: 0.5px !important;border-bottom-width: 0.5px !important;padding-top: 15px !important;padding-bottom: 15px !important;border-top-color: #dddddd !important;border-top-style: solid !important;border-bottom-color: #dddddd !important;border-bottom-style: solid !important;}&#8221;]+32 495 16 86 92<br \/>\n<a href=\"mailto:chantal@lachouettediffusion.com\"><span style=\"text-decoration: underline;\">chantal@lachouettediffusion.com<\/span><\/a>[\/vc_column_text][vc_column_text text_style=&#8221;small-text&#8221;]Her passion for the circus arts and her desire to help artists develop and promote their projects led Chantal to join the La chouette diffusion team in April 2020.<\/p>\n<p><strong>Career<br \/>\n<\/strong>Working for 16 years as a programmer and coordinator of theatre, dance and circus festivals and events at the Centre Culturel Ancien Abattoir in Eupen, she was able to increase her expertise in the performing and street arts sector. Speaking German, French, English, Dutch and Spanish and with experience in dance, theatre and music, she has a great sensitivity for the arts, communication and languages.<\/p>\n<p><strong>Training<br \/>\n<\/strong>Chantal holds a Master&#8217;s degree in Germanic Languages and Literatures from the University of Liege.[\/vc_column_text][\/vc_column_inner][vc_column_inner width=&#8221;1\/4&#8243; tablet_width=&#8221;1-2&#8243;]<div class=\"grve-element grve-team grve-layout-4\" style=\"margin-bottom: 30px;\">\r\n\t<div class=\"grve-team-person\">\r\n\t\t<img loading=\"lazy\" decoding=\"async\" width=\"150\" height=\"150\" src=\"https:\/\/lachouettediffusion.com\/wp-content\/uploads\/2023\/02\/cecile-imbernon-portrait-blue-150x150.png\" class=\"attachment-thumbnail size-thumbnail\" alt=\"cecile-imbernon-portrait-blue\" data-column-space=\"auto\" data-lazyload=\"\" srcset=\"https:\/\/lachouettediffusion.com\/wp-content\/uploads\/2023\/02\/cecile-imbernon-portrait-blue-150x150.png 150w, https:\/\/lachouettediffusion.com\/wp-content\/uploads\/2023\/02\/cecile-imbernon-portrait-blue-300x300.png 300w, https:\/\/lachouettediffusion.com\/wp-content\/uploads\/2023\/02\/cecile-imbernon-portrait-blue.png 473w\" sizes=\"auto, (max-width: 150px) 100vw, 150px\" \/>\t\t\t<\/div>\r\n\t<div class=\"grve-team-description\">\r\n\t\t\t\t<div class=\"grve-team-identity grve-small-text\">C\u00e9cile<\/div>\r\n\t\t\t\t<h3 class=\"grve-team-name grve-h6\">Imbernon<\/h3>\r\n\t<\/div>\r\n<\/div>\r\n<h3 class=\"grve-element grve-title grve-align-inherit grve-subtitle-text grve-text-primary-2\"><span>Dissemination and Production Manager<\/span><\/h3>[vc_column_text text_style=&#8221;link-text&#8221; css=&#8221;.vc_custom_1674540828166{margin-bottom: 30px !important;border-top-width: 0.5px !important;border-bottom-width: 0.5px !important;padding-top: 15px !important;padding-bottom: 15px !important;border-top-color: #dddddd !important;border-top-style: solid !important;border-bottom-color: #dddddd !important;border-bottom-style: solid !important;}&#8221;]+32 483 66 30 71<br \/>\n+33 06 19 57 91 40<br \/>\n<a href=\"mailto:cecile@lachouettediffusion.com\"><span style=\"text-decoration: underline;\">cecile@lachouettediffusion.com<\/span><\/a>[\/vc_column_text][vc_column_text text_style=&#8221;small-text&#8221;]Co-founder of La chouette diffusion, C\u00e9cile is committed to supporting emerging projects. Chosen for their creativity and the coherence of their projects, they contribute to national and international development.<\/p>\n<p><strong>Career<br \/>\n<\/strong>C\u00e9cile first worked as an audience relations officer for the Th\u00e9\u00e2tre Massalia in Marseille and the P\u00f4le Jeune Public in Toulon, then in the youth programming and cultural development of the Rio Loco festival in Toulouse. After a period in Belgium, she returned to Toulouse where she produced and distributed several shows with La chouette diffusion. <\/p>\n<p><strong>Training<br \/>\n<\/strong>C\u00e9cile has a master&#8217;s degree in Cultural Development from the Institut d&#8217;Etudes Politiques de Lille.[\/vc_column_text][\/vc_column_inner][vc_column_inner width=&#8221;1\/4&#8243; tablet_width=&#8221;1-2&#8243;]<div class=\"grve-element grve-team grve-layout-4\" style=\"margin-bottom: 30px;\">\r\n\t<div class=\"grve-team-person\">\r\n\t\t<img loading=\"lazy\" decoding=\"async\" width=\"150\" height=\"150\" src=\"https:\/\/lachouettediffusion.com\/wp-content\/uploads\/2023\/02\/Myriam-Chekhemani-portrait-blue-150x150.png\" class=\"attachment-thumbnail size-thumbnail\" alt=\"Myriam-Chekhemani-portrait-blue\" data-column-space=\"auto\" data-lazyload=\"\" srcset=\"https:\/\/lachouettediffusion.com\/wp-content\/uploads\/2023\/02\/Myriam-Chekhemani-portrait-blue-150x150.png 150w, https:\/\/lachouettediffusion.com\/wp-content\/uploads\/2023\/02\/Myriam-Chekhemani-portrait-blue-300x300.png 300w, https:\/\/lachouettediffusion.com\/wp-content\/uploads\/2023\/02\/Myriam-Chekhemani-portrait-blue.png 473w\" sizes=\"auto, (max-width: 150px) 100vw, 150px\" \/>\t\t\t<\/div>\r\n\t<div class=\"grve-team-description\">\r\n\t\t\t\t<div class=\"grve-team-identity grve-small-text\">Myriam<\/div>\r\n\t\t\t\t<h3 class=\"grve-team-name grve-h6\">Chekhemani<\/h3>\r\n\t<\/div>\r\n<\/div>\r\n<h3 class=\"grve-element grve-title grve-align-inherit grve-subtitle-text grve-text-primary-2\"><span>Administration and Production Manager<\/span><\/h3>[vc_column_text text_style=&#8221;link-text&#8221; css=&#8221;.vc_custom_1674229036068{margin-bottom: 30px !important;border-top-width: 0.5px !important;border-bottom-width: 0.5px !important;padding-top: 15px !important;padding-bottom: 15px !important;border-top-color: #dddddd !important;border-top-style: solid !important;border-bottom-color: #dddddd !important;border-bottom-style: solid !important;}&#8221;]+32 486 97 27 48<br \/>\n<a href=\"mailto:myriam@lachouettediffusion.com\"><span style=\"text-decoration: underline;\">myriam@lachouettediffusion.com<\/span><\/a>[\/vc_column_text][vc_column_text text_style=&#8221;small-text&#8221;]In 2005 Myriam almost accidentally launches into the audiovisual production in a young Venezuelan television that bet on emancipation rather than enslavement. Driven by this same idea, she turns naturally to culture when she arrives in Brussels in 2013. <\/p>\n<p><strong>Career<br \/>\n<\/strong>First Administration and production manager in the theater field, she joined La chouette diffusion in 2017 to accompany circus artists in the management and development of their project and their company.<\/p>\n<p><strong>Training<br \/>\n<\/strong>Myriam holds a Master&#8217;s degree in Sports Management from the University of Rouen and a Master&#8217;s degree in Sociology from the University Paul Val\u00e9ry in Montpellier.[\/vc_column_text][\/vc_column_inner][vc_column_inner width=&#8221;1\/4&#8243; tablet_width=&#8221;1-2&#8243;]<div class=\"grve-element grve-team grve-layout-4\" style=\"margin-bottom: 30px;\">\r\n\t<div class=\"grve-team-person\">\r\n\t\t<img loading=\"lazy\" decoding=\"async\" width=\"150\" height=\"150\" src=\"https:\/\/lachouettediffusion.com\/wp-content\/uploads\/2024\/02\/rond_5_1-150x150.png\" class=\"attachment-thumbnail size-thumbnail\" alt=\"\" data-column-space=\"auto\" data-lazyload=\"\" srcset=\"https:\/\/lachouettediffusion.com\/wp-content\/uploads\/2024\/02\/rond_5_1-150x150.png 150w, https:\/\/lachouettediffusion.com\/wp-content\/uploads\/2024\/02\/rond_5_1-300x300.png 300w, https:\/\/lachouettediffusion.com\/wp-content\/uploads\/2024\/02\/rond_5_1.png 473w\" sizes=\"auto, (max-width: 150px) 100vw, 150px\" \/>\t\t\t<\/div>\r\n\t<div class=\"grve-team-description\">\r\n\t\t\t\t<div class=\"grve-team-identity grve-small-text\">Elisabeth<\/div>\r\n\t\t\t\t<h3 class=\"grve-team-name grve-h6\">Mar\u00e9chal<\/h3>\r\n\t<\/div>\r\n<\/div>\r\n<h3 class=\"grve-element grve-title grve-align-inherit grve-subtitle-text grve-text-primary-2\"><span>Tour logistics<\/span><\/h3>[vc_column_text text_style=&#8221;link-text&#8221; css=&#8221;.vc_custom_1709109856558{margin-bottom: 30px !important;border-top-width: 0.5px !important;border-bottom-width: 0.5px !important;padding-top: 15px !important;padding-bottom: 15px !important;border-top-color: #dddddd !important;border-top-style: solid !important;border-bottom-color: #dddddd !important;border-bottom-style: solid !important;}&#8221;]+32 488 76 46 96<br \/>\n<a href=\"mailto:elisabeth@lachouettediffusion.com\"><span style=\"text-decoration: underline;\">elisabeth@lachouettediffusion.com<\/span><\/a>[\/vc_column_text][vc_column_text text_style=&#8221;small-text&#8221;]Elisabeth loves contemporary circus for its poetry, its singularity and its dialogue with other artistic disciplines. It is to contribute to its circulation and influence that she joins La chouette diffusion when she settles in Brussels in February 2024.<\/p>\n<p><strong>Career<\/strong><br \/>\nAfter internships with Out There Arts in Great Yarmouth, HH Producties in Amsterdam and a civic service at the Festival d&#8217;Aurillac, Elisabeth worked for 4 years as a mediation and communication officer at Moulin Fondu, Oposito &#8211; Centre national des arts de la rue et de l&#8217;espace public in Garges-l\u00e8s-Gonesse.<\/p>\n<p><strong>Training<\/strong><br \/>\nElisabeth is a graduate of the Master&#8217;s program in Audience Development at the University of Rouen.[\/vc_column_text][\/vc_column_inner][\/vc_row_inner][\/vc_column][\/vc_row]<\/p>\n<\/div>","protected":false},"excerpt":{"rendered":"<p>[vc_row padding_bottom_multiplier=&#8221;&#8221;][vc_column][\/vc_column][\/vc_row][vc_row padding_top_multiplier=&#8221;&#8221; padding_bottom_multiplier=&#8221;&#8221;][vc_column][vc_row_inner padding_top_multiplier=&#8221;1x&#8221; padding_bottom_multiplier=&#8221;1x&#8221; columns_gap=&#8221;30&#8243; tablet_columns_vertical_gap=&#8221;60&#8243; tablet_sm_columns_vertical_gap=&#8221;60&#8243; mobile_columns_vertical_gap=&#8221;60&#8243;][vc_column_inner width=&#8221;1\/4&#8243; tablet_width=&#8221;1-2&#8243;][vc_column_text text_style=&#8221;link-text&#8221; css=&#8221;.vc_custom_1674229063171{margin-bottom: 30px !important;border-top-width: 0.5px !important;border-bottom-width: 0.5px !important;padding-top: 15px !important;padding-bottom: 15px !important;border-top-color: #dddddd !important;border-top-style: solid !important;border-bottom-color: #dddddd !important;border-bottom-style: solid !important;}&#8221;]+32 495 16 86 92 chantal@lachouettediffusion.com[\/vc_column_text][vc_column_text text_style=&#8221;small-text&#8221;]Her passion for the circus arts and her desire to help artists develop and promote their projects led [&hellip;]<\/p>\n","protected":false},"author":1,"featured_media":0,"parent":0,"menu_order":0,"comment_status":"closed","ping_status":"closed","template":"","meta":{"iawp_total_views":162,"footnotes":""},"class_list":["post-6282","page","type-page","status-publish","hentry","grve-entry-item"],"_links":{"self":[{"href":"https:\/\/lachouettediffusion.com\/en\/wp-json\/wp\/v2\/pages\/6282","targetHints":{"allow":["GET"]}}],"collection":[{"href":"https:\/\/lachouettediffusion.com\/en\/wp-json\/wp\/v2\/pages"}],"about":[{"href":"https:\/\/lachouettediffusion.com\/en\/wp-json\/wp\/v2\/types\/page"}],"author":[{"embeddable":true,"href":"https:\/\/lachouettediffusion.com\/en\/wp-json\/wp\/v2\/users\/1"}],"replies":[{"embeddable":true,"href":"https:\/\/lachouettediffusion.com\/en\/wp-json\/wp\/v2\/comments?post=6282"}],"version-history":[{"count":36,"href":"https:\/\/lachouettediffusion.com\/en\/wp-json\/wp\/v2\/pages\/6282\/revisions"}],"predecessor-version":[{"id":9915,"href":"https:\/\/lachouettediffusion.com\/en\/wp-json\/wp\/v2\/pages\/6282\/revisions\/9915"}],"wp:attachment":[{"href":"https:\/\/lachouettediffusion.com\/en\/wp-json\/wp\/v2\/media?parent=6282"}],"curies":[{"name":"wp","href":"https:\/\/api.w.org\/{rel}","templated":true}]}}