{"id":5210,"date":"2022-09-13T10:51:51","date_gmt":"2022-09-13T08:51:51","guid":{"rendered":"https:\/\/lachouettediffusion.com\/home\/"},"modified":"2025-12-10T12:07:57","modified_gmt":"2025-12-10T11:07:57","slug":"home","status":"publish","type":"page","link":"https:\/\/lachouettediffusion.com\/en\/","title":{"rendered":"Home"},"content":{"rendered":"<div class=\"wpb-content-wrapper\"><p>[vc_row height_ratio=&#8221;100&#8243; padding_top_multiplier=&#8221;&#8221; padding_bottom_multiplier=&#8221;&#8221; disable_element=&#8221;yes&#8221; rc_heading_color=&#8221;white&#8221; rc_bg_type=&#8221;image&#8221; rc_bg_image=&#8221;5078&#8243; rc_bg_position=&#8221;left-center&#8221; scroll_header_skin=&#8221;light&#8221; rc_font_color=&#8221;#ffffff&#8221;][vc_column vertical_content_position=&#8221;middle&#8221; full_height=&#8221;yes&#8221; text_align=&#8221;center&#8221; grve_css=&#8221;{&#8220;desktop&#8220;:{&#8220;padding-top&#8220;:&#8220;12%&#8220;,&#8220;class&#8220;:&#8220;grve-wpb-1670756282600&#8220;},&#8220;tablet_portrait&#8220;:{&#8220;padding-top&#8220;:&#8220;24%&#8220;},&#8220;mobile_landscape&#8220;:{&#8220;padding-top&#8220;:&#8220;30%&#8220;}}&#8221;]<div class=\"grve-element grve-single-icon grve-align-inherit grve-medium\" style=\"margin-bottom: 30px;\"><div class=\"grve-wrapper-icon grve-circle grve-simple grve-with-shape grve-bg-white grve-loop-animation-1 grve-text-primary-2\"><a href=\"https:\/\/vimeo.com\/742203484\" class=\"grve-video-popup\">\t\t\t\t<svg width=\"24px\" height=\"24px\" viewBox=\"0 0 24 24\" stroke-width=\"0\">\r\n\t\t\t\t\t<polygon points=\"19 12 7 20 7 4\"><\/polygon>\r\n\t\t\t\t<\/svg>\r\n\t\t\t<\/a><div class=\"grve-pulse-bg\"><\/div><\/div><\/div><h1 class=\"grve-element grve-title grve-align-inherit grve-subtitle-text\" style=\"margin-bottom: 18px;\"><span>Watch the teaser<\/span><\/h1><h5 class=\"grve-element grve-title grve-align-inherit grve-h5\"><span>Season 2022-2023<\/span><\/h5><div class=\"grve-element grve-divider\" style=\"padding-top: 32px;\"><div class=\"grve-vertical-divider grve-align-inherit grve-height-3x grve-line-anim-top-bottom\" style=\"width: 1px;\"><span class=\"grve-bg-white\"><\/span><\/div><\/div>[\/vc_column][\/vc_row][vc_row padding_bottom_multiplier=&#8221;2x&#8221; rc_bg_type=&#8221;color&#8221; section_id=&#8221;intro&#8221; rc_bg_color=&#8221;rgba(255,255,255,0.8)&#8221;][vc_column text_align=&#8221;center&#8221;]<div class=\"grve-element grve-image grve-align-center\" style=\"margin-bottom: 32px;\">\r\n\t<div class=\"grve-image-item\">\r\n\t\t\r\n\r\n<div class=\"grve-image-wrapper grve-no-effect\">\r\n\t\t<div class=\"grve-thumbnail-wrapper\"  style=\"width: 200px;\"><div class=\"grve-thumbnail\"  style=\"padding-top: 100%;\"><img loading=\"lazy\" decoding=\"async\" width=\"200\" height=\"200\" src=\"https:\/\/lachouettediffusion.com\/wp-content\/uploads\/2024\/02\/la-chouette-logo-accueil-1x.png\" class=\"attachment-full size-full\" alt=\"\" srcset=\"https:\/\/lachouettediffusion.com\/wp-content\/uploads\/2024\/02\/la-chouette-logo-accueil-1x.png 1x,https:\/\/lachouettediffusion.com\/wp-content\/uploads\/2024\/02\/la-chouette-logo-accueil-2x.png 2x\" data-column-space=\"auto\" data-lazyload=\"\" data-grve-filter=\"yes\" \/><\/div><\/div>\t<\/div>\r\n\t<\/div>\r\n<\/div>\r\n<h6 class=\"grve-element grve-title grve-align-inherit grve-h6 grve-text-primary-2\"><span>La chouette diffusion acts for the development of circus arts<\/span><\/h6>[vc_column_text css=&#8221;&#8221; text_style=&#8221;leader-text&#8221;]La chouette diffusion supports circus artists in the structuring and development of their professional paths. Focused on emerging creators, it offers tailor-made support adapted to the specific needs of each project leader.[\/vc_column_text][\/vc_column][\/vc_row][vc_row padding_top_multiplier=&#8221;2x&#8221; padding_bottom_multiplier=&#8221;2x&#8221; disable_element=&#8221;yes&#8221; rc_bg_type=&#8221;color&#8221; section_id=&#8221;intro&#8221; rc_bg_color=&#8221;rgba(255,255,255,0.8)&#8221;][vc_column width=&#8221;1\/12&#8243;][\/vc_column][vc_column width=&#8221;5\/6&#8243;]<h6 class=\"grve-element grve-title grve-align-inherit grve-h6 grve-text-primary-2\"><span>La chouette diffusion acts for the development of circus arts<\/span><\/h6>[vc_column_text text_style=&#8221;leader-text&#8221;]A human and dynamic agency based in Brussels, we support young circus artists in the administration, production and distribution of their projects.[\/vc_column_text][\/vc_column][vc_column width=&#8221;1\/12&#8243;][\/vc_column][\/vc_row][vc_row padding_top_multiplier=&#8221;2x&#8221; mobile_columns_vertical_gap=&#8221;15&#8243;][vc_column width=&#8221;1\/2&#8243; tablet_width=&#8221;7-12&#8243; tablet_sm_width=&#8221;2-3&#8243;]<h3 class=\"grve-element grve-title grve-align-inherit grve-h4\"><span>News Events<\/span><\/h3>[\/vc_column][vc_column width=&#8221;1\/2&#8243; vertical_content_position=&#8221;bottom&#8221; text_align=&#8221;right&#8221; tablet_width=&#8221;5-12&#8243; tablet_sm_width=&#8221;1-3&#8243; mobile_text_align=&#8221;left&#8221;][\/vc_column][vc_column]<div class=\"grve-element grve-divider\" style=\"padding-top: 20px;padding-bottom: 32px;\"><div class=\"grve-line-divider grve-border\"><\/div><\/div>[\/vc_column][vc_column][vc_widget_sidebar][vc_row_inner padding_bottom_multiplier=&#8221;1x&#8221; rc_bg_type=&#8221;image&#8221; rc_bg_image=&#8221;11143&#8243; rc_bg_color_overlay=&#8221;gradient&#8221; rc_bg_gradient_overlay_custom_1=&#8221;rgba(0,0,0,0.8)&#8221; rc_bg_gradient_overlay_custom_2=&#8221;rgba(0,0,0,0.01)&#8221; rc_bg_gradient_overlay_direction=&#8221;45&#8243; rc_margin_bottom=&#8221;32&#8243;][vc_column_inner width=&#8221;1\/2&#8243; rc_heading_color=&#8221;white&#8221; rc_link_color=&#8221;white&#8221; rc_link_hover_color=&#8221;primary-2&#8243; rc_font_color=&#8221;#ffffff&#8221; grve_css=&#8221;{&#8220;desktop&#8220;:{&#8220;padding-top&#8220;:&#8220;15%&#8220;,&#8220;padding-right&#8220;:&#8220;5%&#8220;,&#8220;padding-bottom&#8220;:&#8220;15%&#8220;,&#8220;padding-left&#8220;:&#8220;5%&#8220;,&#8220;class&#8220;:&#8220;grve-wpb-1669979729450&#8220;}}&#8221;]<h3 class=\"grve-element grve-title grve-align-inherit grve-h4\"><span>Corps tendres : the final stretch<\/span><\/h3>[vc_column_text css=&#8221;&#8221;]<\/p>\n<div class=\"x14z9mp xat24cr x1lziwak x1vvkbs xtlvy1s x126k92a\">\n<div dir=\"auto\">\n<p>Plus que quelques semaines \u00e0 patienter avant de d\u00e9couvrir la toute nouvelle cr\u00e9ation de Lucie Yerl\u00e8s : <a href=\"https:\/\/lachouettediffusion.com\/en\/portfolio-item\/corps-tendres\/\">Corps tendres<\/a>.<\/p>\n<p>Les premi\u00e8res repr\u00e9sentations auront lieu sur <strong><a href=\"https:\/\/surmars.be\/agenda\/2026-01\/danse\/corps-tendres\">MARS &#8211; Mons Arts de la Sc\u00e8ne<\/a><\/strong> les 13, 14 et 15 janvier 2026.<\/p>\n<p>&nbsp;<\/p>\n<\/div>\n<\/div>\n<p>[\/vc_column_text]<div class=\"grve-empty-space grve-height-2x\"><\/div><div class=\"grve-element grve-align-inherit\"><a href=\"https:\/\/lachouettediffusion.com\/en\/portfolio-item\/corps-tendres\/\" target=\"_blank\" class=\"grve-btn grve-btn-outline grve-square grve-border-white grve-bg-hover-primary-2 grve-pulse grve-border-hover-primary-2 grve-text-white grve-text-hover-white grve-btn-small\">\r\n\t\t<span>more info<\/span>\r\n\t\t\t\t\t\t\t<\/a><\/div><div class=\"grve-element grve-align-inherit\"><a href=\"https:\/\/www.youtube.com\/watch?v=3QZ1fM3r2uo&#038;t=1s\" target=\"_blank\" class=\"grve-btn grve-btn-outline grve-square grve-border-white grve-bg-hover-primary-2 grve-pulse grve-border-hover-primary-2 grve-text-white grve-text-hover-white grve-btn-small\">\r\n\t\t<span>Teaser<\/span>\r\n\t\t\t\t\t\t\t<\/a><\/div>[\/vc_column_inner][vc_column_inner width=&#8221;1\/2&#8243;][\/vc_column_inner][\/vc_row_inner][\/vc_column][\/vc_row]<\/p>\n<\/div>","protected":false},"excerpt":{"rendered":"<p>[vc_row height_ratio=&#8221;100&#8243; padding_top_multiplier=&#8221;&#8221; padding_bottom_multiplier=&#8221;&#8221; disable_element=&#8221;yes&#8221; rc_heading_color=&#8221;white&#8221; rc_bg_type=&#8221;image&#8221; rc_bg_image=&#8221;5078&#8243; rc_bg_position=&#8221;left-center&#8221; scroll_header_skin=&#8221;light&#8221; rc_font_color=&#8221;#ffffff&#8221;][vc_column vertical_content_position=&#8221;middle&#8221; full_height=&#8221;yes&#8221; text_align=&#8221;center&#8221; grve_css=&#8221;{&#8220;desktop&#8220;:{&#8220;padding-top&#8220;:&#8220;12%&#8220;,&#8220;class&#8220;:&#8220;grve-wpb-1670756282600&#8220;},&#8220;tablet_portrait&#8220;:{&#8220;padding-top&#8220;:&#8220;24%&#8220;},&#8220;mobile_landscape&#8220;:{&#8220;padding-top&#8220;:&#8220;30%&#8220;}}&#8221;][\/vc_column][\/vc_row][vc_row padding_bottom_multiplier=&#8221;2x&#8221; rc_bg_type=&#8221;color&#8221; section_id=&#8221;intro&#8221; rc_bg_color=&#8221;rgba(255,255,255,0.8)&#8221;][vc_column text_align=&#8221;center&#8221;][vc_column_text css=&#8221;&#8221; text_style=&#8221;leader-text&#8221;]La chouette diffusion supports circus artists in the structuring and development of their professional paths. Focused on emerging creators, it offers tailor-made support adapted to the specific needs of each project leader.[\/vc_column_text][\/vc_column][\/vc_row][vc_row padding_top_multiplier=&#8221;2x&#8221; padding_bottom_multiplier=&#8221;2x&#8221; [&hellip;]<\/p>\n","protected":false},"author":1,"featured_media":0,"parent":0,"menu_order":0,"comment_status":"closed","ping_status":"closed","template":"","meta":{"iawp_total_views":546,"footnotes":""},"class_list":["post-5210","page","type-page","status-publish","hentry","grve-entry-item"],"_links":{"self":[{"href":"https:\/\/lachouettediffusion.com\/en\/wp-json\/wp\/v2\/pages\/5210","targetHints":{"allow":["GET"]}}],"collection":[{"href":"https:\/\/lachouettediffusion.com\/en\/wp-json\/wp\/v2\/pages"}],"about":[{"href":"https:\/\/lachouettediffusion.com\/en\/wp-json\/wp\/v2\/types\/page"}],"author":[{"embeddable":true,"href":"https:\/\/lachouettediffusion.com\/en\/wp-json\/wp\/v2\/users\/1"}],"replies":[{"embeddable":true,"href":"https:\/\/lachouettediffusion.com\/en\/wp-json\/wp\/v2\/comments?post=5210"}],"version-history":[{"count":125,"href":"https:\/\/lachouettediffusion.com\/en\/wp-json\/wp\/v2\/pages\/5210\/revisions"}],"predecessor-version":[{"id":12372,"href":"https:\/\/lachouettediffusion.com\/en\/wp-json\/wp\/v2\/pages\/5210\/revisions\/12372"}],"wp:attachment":[{"href":"https:\/\/lachouettediffusion.com\/en\/wp-json\/wp\/v2\/media?parent=5210"}],"curies":[{"name":"wp","href":"https:\/\/api.w.org\/{rel}","templated":true}]}}